{"id":119,"date":"2015-08-06T09:09:13","date_gmt":"2015-08-06T07:09:13","guid":{"rendered":"https:\/\/tcmsski.wordpress.com\/?page_id=7"},"modified":"2025-12-21T22:24:21","modified_gmt":"2025-12-21T20:24:21","slug":"presentation","status":"publish","type":"page","link":"https:\/\/tcms-ski.fr\/?page_id=119","title":{"rendered":"Pr\u00e9sentation du club"},"content":{"rendered":"\t\t<div data-elementor-type=\"wp-page\" data-elementor-id=\"119\" class=\"elementor elementor-119\">\n\t\t\t\t\t\t<section class=\"elementor-section elementor-top-section elementor-element elementor-element-1315ea46 elementor-section-boxed elementor-section-height-default elementor-section-height-default\" data-id=\"1315ea46\" data-element_type=\"section\">\n\t\t\t\t\t\t<div class=\"elementor-container elementor-column-gap-default\">\n\t\t\t\t\t<div class=\"elementor-column elementor-col-100 elementor-top-column elementor-element elementor-element-473df8b4\" data-id=\"473df8b4\" data-element_type=\"column\">\n\t\t\t<div class=\"elementor-widget-wrap elementor-element-populated\">\n\t\t\t\t\t\t<div class=\"elementor-element elementor-element-42dcd060 elementor-widget elementor-widget-text-editor\" data-id=\"42dcd060\" data-element_type=\"widget\" data-widget_type=\"text-editor.default\">\n\t\t\t\t<div class=\"elementor-widget-container\">\n\t\t\t\t\t\t\t\t\t<h2><span style=\"color: #000000;\"><strong>L\u2019historique en quelques dates\u00a0:<\/strong><\/span><\/h2><p><span style=\"color: #000000;\">Les origines du TCMS remontent \u00e0 1926 et d\u00e9j\u00e0 le ski \u00e9tait pr\u00e9sent.<\/span><\/p><p><span style=\"color: #000000;\">En 1936, la section ski compte 160 membres, 1 conseiller technique, 3 moniteurs et 2 monitrices. Port\u00e9-Puymorens est le principal lieu de pratique.<\/span><\/p><p><span style=\"color: #000000;\">En 1937, naissent les 1ers championnats de France des cheminots, le TCMS y est d\u00e9j\u00e0 pr\u00e9sent. Il remporte m\u00eame le challenge du Sud-Ouest et organise sa propre course la \u00ab Coupe de l\u2019Amiti\u00e9 \u00bb.<\/span><\/p><p><span style=\"color: #000000;\">En 1955, des b\u00e9n\u00e9voles construisent le refuge de Port\u00e9-Puymorens avec la r\u00e9cup\u00e9ration de la gare des Aubrais qui, bombard\u00e9e pendant la guerre, avait \u00e9t\u00e9 provisoirement construite en bois.<\/span><\/p><p><span style=\"color: #000000;\">En 1964, un groupe ski de randonn\u00e9e se met en place.<\/span><\/p><p><span style=\"color: #000000;\">En 1980, le premier s\u00e9jour \u00ab Loisir Alpin \u00bb est organis\u00e9. La demande est forte, on passe rapidement \u00e0 deux s\u00e9jours puis \u00e0 trois.<\/span><\/p><p><span style=\"color: #000000;\">En 1981, na\u00eet le groupe nordique, qui va tr\u00e8s rapidement participer \u00e0 de nombreuses courses \u00e0 travers toute l\u2019Europe avec comme point d\u2019orgue la fameuse Vasaloppet en Su\u00e8de.<\/span><\/p><p><span style=\"color: #000000;\">En 1996, les Nordiques partagent un s\u00e9jour avec les Alpins dans le Tyrol. D\u00e8s l\u2019ann\u00e9e suivante ils organisent leur propre s\u00e9jour.<\/span><\/p><p><span style=\"color: #000000;\">Vers la fin des ann\u00e9es 1990, la raquette fait son apparition au sein du groupe nordique. Des s\u00e9jours communs raquette-nordique sont organis\u00e9s \u00e0 partir de 2000 et des raids raquette font leur apparition.<\/span><\/p><p><span style=\"color: #000000;\">Au printemps 2007 un groupe canyoning se cr\u00e9e. Il propose imm\u00e9diatement des sorties \u00e0 la journ\u00e9e dans les canyons des Pyr\u00e9n\u00e9es.<\/span><\/p><h2><span style=\"color: #000000;\"><strong>Le club aujourd\u2019hui\u00a0:<\/strong><\/span><\/h2><p><span style=\"color: #000000;\">La section SKI &amp; MONTAGNE du TCMS avec plus de 130 adh\u00e9rents est une association au service des cheminots mais \u00e9galement ouverte \u00e0 tous ceux qui souhaitent pratiquer les sports de montagne.<\/span><\/p><p><span style=\"color: #000000;\">De nombreuses activit\u00e9s sont propos\u00e9es tout au long de l&rsquo;ann\u00e9e quelle que soit votre forme physique et votre \u00e2ge (S\u00e9jours ski alpin et canyoning) &#8211; Sorties sur une ou deux journ\u00e9es en ski de randonn\u00e9e et canyoning &#8211; Raid \u00e0 ski de randonn\u00e9e. Les activit\u00e9s de ski nordique et raquettes sont malheureusement arr\u00eat\u00e9es actuellement par manque d&rsquo;organisateur.<\/span><\/p><p><span style=\"color: #000000;\">Les inscriptions aux s\u00e9jours, sorties ou raids se font aupr\u00e8s de l\u2019organisateur.<\/span><\/p><p><span style=\"color: #000000;\">Les cheminots qui d\u00e9sirent faire de la comp\u00e9tition (ski alpin et nordique) peuvent apr\u00e8s un stage d\u2019entra\u00eenement-s\u00e9lection participer aux championnats de France des cheminots organis\u00e9s par l\u2019USCF en b\u00e9n\u00e9ficiant d\u2019une prise en charge des frais engag\u00e9s et de cong\u00e9s suppl\u00e9mentaires. Leur licence leur permet bien-s\u00fbr de participer aux courses organis\u00e9es par la FFS.<\/span><br \/><span style=\"color: #000000;\">La section est membre de l\u2019<\/span><a class=\"liens\" title=\"\" href=\"http:\/\/acscf.association.free.fr\/\" target=\"_blank\" rel=\"noopener noreferrer\"><span style=\"color: #0000ff;\">Association des Clubs de Ski Cheminots Fran\u00e7ais (ACSCF)<\/span><\/a> <span style=\"color: #000000;\">qui organise tous les ans une semaine course \u00e0 Courchevel.<\/span><\/p><p><span style=\"color: #000000;\">La section encourage les b\u00e9n\u00e9voles qui souhaitent suivre des formations pour obtenir des brevets f\u00e9d\u00e9raux par une pris en charge, pour partie et sous r\u00e9serve d\u2019un engagement vis-\u00e0-vis du club, des frais engag\u00e9s.<\/span><\/p><p><span style=\"color: #000000;\">L&rsquo;adh\u00e9sion au club permet la participation \u00e0 l\u2019ensemble des activit\u00e9s propos\u00e9es.<\/span><br \/><span style=\"color: #000000;\">Chaque adh\u00e9rent doit pouvoir justifier d\u2019une assurance couvrant la pratique des activit\u00e9s qu\u2019il souhaite pratiquer.<\/span><br \/><span style=\"color: #000000;\">Le club est affili\u00e9 \u00e0 la<\/span> <span style=\"color: #0000ff;\"><a class=\"liens\" title=\"\" href=\"http:\/\/www.ffs.fr\" target=\"_blank\" rel=\"noopener noreferrer\"><span style=\"color: #0000ff;\">FFS<\/span><\/a><\/span> <span style=\"color: #000000;\">et \u00e0 la<\/span> <a class=\"liens\" title=\"\" href=\"http:\/\/www.ffme.fr\" target=\"_blank\" rel=\"noopener noreferrer\"><span style=\"color: #0000ff;\">FFME<\/span><\/a><span style=\"color: #000000;\">, il propose leur assurance ainsi que celle de <span style=\"color: #0000ff;\"><a style=\"color: #0000ff;\" href=\"https:\/\/www.tlcoccitanie.com\/\" target=\"_blank\" rel=\"noopener\">TLC Occitanie<\/a><\/span> (Tourisme Loisirs Culture) qui offre certains avantages tarifaires.<\/span><br \/><span style=\"color: #000000;\">Le club peut \u00e9galement \u00e9tablir une assurance FFME \u00e0 la journ\u00e9e.<\/span><\/p><blockquote><h3 style=\"text-align: center;\"><span style=\"color: #ff9900;\"><strong>Ensemble, partageons la passion de la montagne.<\/strong><\/span><\/h3><\/blockquote><h2><span style=\"color: #000000;\"><strong>Le Bureau<\/strong><\/span><\/h2><ul><li><span style=\"color: #000000;\">Pr\u00e9sident\u00a0: Marc TUSCH<\/span><\/li><li><span style=\"color: #000000;\">Secr\u00e9taire\u00a0: Jean Robert BORREDON<\/span><\/li><li><span style=\"color: #000000;\">Tr\u00e9sorier\u00a0: Philippe KUNERTH<\/span><\/li><\/ul><h2><span style=\"color: #000000;\">Responsables des activit\u00e9s<\/span><\/h2><ul><li><span style=\"color: #000000;\">Ski alpin\u00a0: Marc TUSCH<\/span><\/li><li><span style=\"color: #000000;\">Ski de randonn\u00e9e\u00a0: St\u00e9phane LESTAGE<\/span><\/li><li><span style=\"color: #000000;\">Canyoning\u00a0: Benjamin CARAYON<\/span><\/li><li><span style=\"color: #000000;\">Refuge : Lionel SAGNARD<\/span><\/li><\/ul><h2><span style=\"color: #000000;\">Autres responsables<\/span><\/h2><ul><li><span style=\"color: #000000;\">Correspondant FFS\u00a0: Jean Robert BORREDON<\/span><\/li><li><span style=\"color: #000000;\">Correspondant FFME\u00a0: St\u00e9phane LESTAGE<\/span><\/li><li><span style=\"color: #000000;\">Correspondants USCF ski alpin\u00a0: Yohan DONNADIEU<\/span><\/li><li><span style=\"color: #000000;\">Correspondant USCF nordique\u00a0: Gilles CHAMBERT<\/span><\/li><li><span style=\"color: #000000;\">Correspondant ACSCF\u00a0: Yohan DONNADIEU<\/span><\/li><li><span style=\"color: #000000;\">Accompagnateur raquettes\u00a0: aucun \u00e0 ce jour<\/span><\/li><li><span style=\"color: #000000;\">Accompagnateurs ski de randonn\u00e9e : St\u00e9phane LESTAGE, Benjamin CARAYON<\/span><\/li><li><span style=\"color: #000000;\">Accompagnateur canyoning : Benjamin CARAYON<\/span><\/li><li><span style=\"color: #000000;\">Organisateurs s\u00e9jours alpins : Jean Robert BORREDON, Karine VERNHES, Agn\u00e8s ALEX VERGNES<\/span><\/li><li><span style=\"color: #000000;\">Organisateurs s\u00e9jours nordiques et raquettes\u00a0: aucun \u00e0 ce jour<\/span><\/li><li><span style=\"color: #000000;\">R\u00e9servation refuge Port\u00e9-Puymorens : David SALES<\/span><\/li><\/ul>\t\t\t\t\t\t\t\t<\/div>\n\t\t\t\t<\/div>\n\t\t\t\t\t<\/div>\n\t\t<\/div>\n\t\t\t\t\t<\/div>\n\t\t<\/section>\n\t\t\t\t<\/div>\n\t\t","protected":false},"excerpt":{"rendered":"<p>L\u2019historique en quelques dates\u00a0: Les origines du TCMS remontent \u00e0 1926 et d\u00e9j\u00e0 le ski \u00e9tait pr\u00e9sent. En 1936, la section ski compte 160 membres, 1 conseiller technique, 3 moniteurs et 2 monitrices. Port\u00e9-Puymorens est le principal lieu de pratique. En 1937, naissent les 1ers championnats de France des cheminots, le TCMS y est d\u00e9j\u00e0&#8230;<\/p>\n","protected":false},"author":2,"featured_media":0,"parent":0,"menu_order":0,"comment_status":"closed","ping_status":"closed","template":"","meta":{"footnotes":""},"class_list":["post-119","page","type-page","status-publish","hentry"],"_links":{"self":[{"href":"https:\/\/tcms-ski.fr\/index.php?rest_route=\/wp\/v2\/pages\/119","targetHints":{"allow":["GET"]}}],"collection":[{"href":"https:\/\/tcms-ski.fr\/index.php?rest_route=\/wp\/v2\/pages"}],"about":[{"href":"https:\/\/tcms-ski.fr\/index.php?rest_route=\/wp\/v2\/types\/page"}],"author":[{"embeddable":true,"href":"https:\/\/tcms-ski.fr\/index.php?rest_route=\/wp\/v2\/users\/2"}],"replies":[{"embeddable":true,"href":"https:\/\/tcms-ski.fr\/index.php?rest_route=%2Fwp%2Fv2%2Fcomments&post=119"}],"version-history":[{"count":30,"href":"https:\/\/tcms-ski.fr\/index.php?rest_route=\/wp\/v2\/pages\/119\/revisions"}],"predecessor-version":[{"id":9105,"href":"https:\/\/tcms-ski.fr\/index.php?rest_route=\/wp\/v2\/pages\/119\/revisions\/9105"}],"wp:attachment":[{"href":"https:\/\/tcms-ski.fr\/index.php?rest_route=%2Fwp%2Fv2%2Fmedia&parent=119"}],"curies":[{"name":"wp","href":"https:\/\/api.w.org\/{rel}","templated":true}]}}