{"id":1273,"date":"2013-09-01T00:53:44","date_gmt":"2013-08-31T22:53:44","guid":{"rendered":"http:\/\/tcms-ski.fr\/?page_id=1273"},"modified":"2019-12-26T17:34:14","modified_gmt":"2019-12-26T15:34:14","slug":"saison-2013-2014","status":"publish","type":"page","link":"https:\/\/tcms-ski.fr\/?page_id=1273","title":{"rendered":"Comptes rendus saison 2013-2014"},"content":{"rendered":"<p>&#8211; <a href=\"http:\/\/tcms-ski.fr\/?p=1277\">S\u00e9jour Canyon dans les Alpes Maritimes en \u00e9t\u00e9 2014<\/a><\/p>\n<p>&#8211; <a href=\"http:\/\/tcms-ski.fr\/?p=1282\">Sorties Canyon vers La Pobla de Segur les 14 et 15 juin 2014<\/a><\/p>\n<p>&#8211; <a href=\"http:\/\/tcms-ski.fr\/?p=1284\">Sorties Canyon dans les Pyr\u00e9n\u00e9es Orientales les 31 mai et 1 juin 2014<\/a><\/p>\n<p>&#8211; <a href=\"http:\/\/tcms-ski.fr\/?p=1286\">Sorties Canyon \u00e0 Luchon les 17 et 18 mai 2014<\/a><\/p>\n<p>&#8211; <a href=\"http:\/\/tcms-ski.fr\/?p=1288\">Raid Ski de randonn\u00e9e en Gressoney (Italie) 2014<\/a><\/p>\n<p>&#8211; <a href=\"http:\/\/tcms-ski.fr\/?p=1292\">Sorties Ski de randonn\u00e9e des 29 et 30 mars 2014<\/a><\/p>\n<p>&#8211; <a href=\"http:\/\/tcms-ski.fr\/?p=1290\">S\u00e9jour Ski alpin aux Deux Alpes en mars 2014<\/a><\/p>\n<p>&#8211; <a href=\"http:\/\/tcms-ski.fr\/?p=1294\">S\u00e9jour Nordique \u00e0 Chapelle des Bois du 8 au 15 f\u00e9vrier 2014<\/a><\/p>\n<p>&#8211; <a href=\"http:\/\/tcms-ski.fr\/?p=1298\">Sorties Ski de randonn\u00e9e des 8 et 9 f\u00e9vrier 2014<\/a><\/p>\n<p>&#8211; <a href=\"http:\/\/tcms-ski.fr\/?p=1296\">Semaine course \u00e0 Courchevel en f\u00e9vrier 2014<\/a><\/p>\n<p>&#8211; <a href=\"http:\/\/tcms-ski.fr\/?p=1300\">S\u00e9jour Ski de randonn\u00e9e et alpin \u00e0 Champol\u00e9on du 18 au 25 janvier 2014<\/a><\/p>\n<p>&#8211; <a href=\"http:\/\/tcms-ski.fr\/?p=1305\">Sorties Ski de randonn\u00e9e des 11 et 12 janvier 2014<\/a><\/p>\n<p>&#8211; <a href=\"http:\/\/tcms-ski.fr\/?p=1308\">S\u00e9jour Ski alpin \u00e0 Tignes en d\u00e9cembre 2013<\/a><\/p>\n","protected":false},"excerpt":{"rendered":"<p>&#8211; S\u00e9jour Canyon dans les Alpes Maritimes en \u00e9t\u00e9 2014 &#8211; Sorties Canyon vers La Pobla de Segur les 14 et 15 juin 2014 &#8211; Sorties Canyon dans les Pyr\u00e9n\u00e9es Orientales les 31 mai et 1 juin 2014 &#8211; Sorties Canyon \u00e0 Luchon les 17 et 18 mai 2014 &#8211; Raid Ski de randonn\u00e9e en&#8230;<\/p>\n","protected":false},"author":3,"featured_media":0,"parent":0,"menu_order":0,"comment_status":"closed","ping_status":"closed","template":"","meta":{"footnotes":""},"class_list":["post-1273","page","type-page","status-publish","hentry"],"_links":{"self":[{"href":"https:\/\/tcms-ski.fr\/index.php?rest_route=\/wp\/v2\/pages\/1273","targetHints":{"allow":["GET"]}}],"collection":[{"href":"https:\/\/tcms-ski.fr\/index.php?rest_route=\/wp\/v2\/pages"}],"about":[{"href":"https:\/\/tcms-ski.fr\/index.php?rest_route=\/wp\/v2\/types\/page"}],"author":[{"embeddable":true,"href":"https:\/\/tcms-ski.fr\/index.php?rest_route=\/wp\/v2\/users\/3"}],"replies":[{"embeddable":true,"href":"https:\/\/tcms-ski.fr\/index.php?rest_route=%2Fwp%2Fv2%2Fcomments&post=1273"}],"version-history":[{"count":19,"href":"https:\/\/tcms-ski.fr\/index.php?rest_route=\/wp\/v2\/pages\/1273\/revisions"}],"predecessor-version":[{"id":3272,"href":"https:\/\/tcms-ski.fr\/index.php?rest_route=\/wp\/v2\/pages\/1273\/revisions\/3272"}],"wp:attachment":[{"href":"https:\/\/tcms-ski.fr\/index.php?rest_route=%2Fwp%2Fv2%2Fmedia&parent=1273"}],"curies":[{"name":"wp","href":"https:\/\/api.w.org\/{rel}","templated":true}]}}