{"id":1693,"date":"2011-09-01T09:07:10","date_gmt":"2011-09-01T07:07:10","guid":{"rendered":"http:\/\/tcms-ski.fr\/?page_id=1693"},"modified":"2019-12-26T17:40:16","modified_gmt":"2019-12-26T15:40:16","slug":"comptes-rendus-saison-2011-2012","status":"publish","type":"page","link":"https:\/\/tcms-ski.fr\/?page_id=1693","title":{"rendered":"Comptes rendus saison 2011-2012"},"content":{"rendered":"<p>&#8211; <a href=\"http:\/\/tcms-ski.fr\/?p=1655\">S\u00e9jour Canyon en B\u00e9arn du 19 au 26 ao\u00fbt 2012<\/a><strong><br \/>\n<\/strong><\/p>\n<p>&#8211; <a href=\"http:\/\/tcms-ski.fr\/?p=1657\">Sortie Canyon d\u2019initiation le 12 ao\u00fbt 2012<\/a><\/p>\n<p>&#8211; <a href=\"http:\/\/tcms-ski.fr\/?p=1659\">Sorties Canyon de Marc les 7 et 8 juillet 2012<\/a><\/p>\n<p>&#8211; <a href=\"http:\/\/tcms-ski.fr\/?p=1661\">Raid Ski de randonn\u00e9e dans le massif de la Maladeta du 15 au 18 avril 2012<\/a><\/p>\n<p>&#8211; <a href=\"http:\/\/tcms-ski.fr\/?p=1664\">Sortie Ski de randonn\u00e9e du 16 mars 2012<\/a><\/p>\n<p>&#8211; <a href=\"http:\/\/tcms-ski.fr\/?p=1666\">Sorties Ski de randonn\u00e9e des 1, 2 et 3 mars 2012<\/a><\/p>\n<p>&#8211; <a href=\"http:\/\/tcms-ski.fr\/?p=1670\">Semaine courses Ski alpin \u00e0 Courchevel en f\u00e9vrier 2012<\/a><\/p>\n<p>&#8211; <a href=\"http:\/\/tcms-ski.fr\/?p=1678\">Sorties Ski de randonn\u00e9e des 10 et 11 f\u00e9vrier 2012<\/a><\/p>\n<p>&#8211; <a href=\"http:\/\/tcms-ski.fr\/?p=1668\">S\u00e9jour Nordique dans le Queyras du 4 au 11 f\u00e9vrier 2012<\/a><\/p>\n<p>&#8211; <a href=\"http:\/\/tcms-ski.fr\/?p=1680\">Raid Raquettes dans Les Bauges du 24 au 30 janvier 2012<\/a><\/p>\n<p>&#8211; <a href=\"http:\/\/tcms-ski.fr\/?p=1682\">S\u00e9jour Ski de randonn\u00e9e et alpin dans le Queyras du 14 au 21 janvier 2012<\/a><\/p>\n<p>&#8211; <a href=\"http:\/\/tcms-ski.fr\/?p=1686\">Sorties Ski de randonn\u00e9e des 6 et 7 janvier 2012<\/a><\/p>\n<p>&#8211; <a href=\"http:\/\/tcms-ski.fr\/?p=1688\">Sorties Ski de randonn\u00e9e des 9 et 10 d\u00e9cembre 2011<\/a><\/p>\n<p>&#8211; <a href=\"http:\/\/tcms-ski.fr\/?p=1690\">S\u00e9jour Canyon en Sierra de Guara en septembre 2011<\/a><\/p>\n","protected":false},"excerpt":{"rendered":"<p>&#8211; S\u00e9jour Canyon en B\u00e9arn du 19 au 26 ao\u00fbt 2012 &#8211; Sortie Canyon d\u2019initiation le 12 ao\u00fbt 2012 &#8211; Sorties Canyon de Marc les 7 et 8 juillet 2012 &#8211; Raid Ski de randonn\u00e9e dans le massif de la Maladeta du 15 au 18 avril 2012 &#8211; Sortie Ski de randonn\u00e9e du 16 mars&#8230;<\/p>\n","protected":false},"author":3,"featured_media":0,"parent":0,"menu_order":0,"comment_status":"closed","ping_status":"closed","template":"","meta":{"footnotes":""},"class_list":["post-1693","page","type-page","status-publish","hentry"],"_links":{"self":[{"href":"https:\/\/tcms-ski.fr\/index.php?rest_route=\/wp\/v2\/pages\/1693","targetHints":{"allow":["GET"]}}],"collection":[{"href":"https:\/\/tcms-ski.fr\/index.php?rest_route=\/wp\/v2\/pages"}],"about":[{"href":"https:\/\/tcms-ski.fr\/index.php?rest_route=\/wp\/v2\/types\/page"}],"author":[{"embeddable":true,"href":"https:\/\/tcms-ski.fr\/index.php?rest_route=\/wp\/v2\/users\/3"}],"replies":[{"embeddable":true,"href":"https:\/\/tcms-ski.fr\/index.php?rest_route=%2Fwp%2Fv2%2Fcomments&post=1693"}],"version-history":[{"count":21,"href":"https:\/\/tcms-ski.fr\/index.php?rest_route=\/wp\/v2\/pages\/1693\/revisions"}],"predecessor-version":[{"id":3274,"href":"https:\/\/tcms-ski.fr\/index.php?rest_route=\/wp\/v2\/pages\/1693\/revisions\/3274"}],"wp:attachment":[{"href":"https:\/\/tcms-ski.fr\/index.php?rest_route=%2Fwp%2Fv2%2Fmedia&parent=1693"}],"curies":[{"name":"wp","href":"https:\/\/api.w.org\/{rel}","templated":true}]}}