{"id":1827,"date":"2010-09-01T16:38:28","date_gmt":"2010-09-01T14:38:28","guid":{"rendered":"http:\/\/tcms-ski.fr\/?page_id=1827"},"modified":"2019-12-26T17:42:19","modified_gmt":"2019-12-26T15:42:19","slug":"comptes-rendus-saison-2010-2011","status":"publish","type":"page","link":"https:\/\/tcms-ski.fr\/?page_id=1827","title":{"rendered":"Comptes rendus saison 2010-2011"},"content":{"rendered":"<p>&#8211; <a href=\"http:\/\/tcms-ski.fr\/?p=1873\">Sortie Canyon de l&rsquo;Artigue (Anniversaire de JO) en ao\u00fbt 2011<\/a><\/p>\n<p>&#8211; <a href=\"http:\/\/tcms-ski.fr\/?p=1870\">S\u00e9jour Canyon en B\u00e9arn du 12 au 20 ao\u00fbt 2011<\/a><\/p>\n<p>&#8211; <a href=\"http:\/\/tcms-ski.fr\/?p=1868\">Sortie Canyon en Vicdessos le 9 juillet 2011<\/a><\/p>\n<p>&#8211; <a href=\"http:\/\/tcms-ski.fr\/?p=1866\">Raid Ski de randonn\u00e9e en Haute Tarentaise du 18 au 22 avril 2011<\/a><\/p>\n<p>&#8211; <a href=\"http:\/\/tcms-ski.fr\/?p=1863\">Sortie Ski de randonn\u00e9e du 10 avril 2011<\/a><\/p>\n<p>&#8211; <a href=\"http:\/\/tcms-ski.fr\/?p=1861\">S\u00e9jour Ski alpin \u00e0 Courchevel du 20 au 26 mars 2011<\/a><\/p>\n<p>&#8211; <a href=\"http:\/\/tcms-ski.fr\/?p=1859\">Sortie Ski de randonn\u00e9e du 26 mars 2011<\/a><\/p>\n<p>&#8211; <a href=\"http:\/\/tcms-ski.fr\/?p=1857\">Sorties Ski de randonn\u00e9e des 4 et 5 mars 2011<\/a><\/p>\n<p>&#8211; <a href=\"http:\/\/tcms-ski.fr\/?p=1855\">S\u00e9jour Nordique aux Rousses du 5 au 12 f\u00e9vrier 2011<\/a><\/p>\n<p>&#8211; <a href=\"http:\/\/tcms-ski.fr\/?p=1853\">Sorties Ski de randonn\u00e9e des 11 et 12 f\u00e9vrier 2011<\/a><\/p>\n<p>&#8211; <a href=\"http:\/\/tcms-ski.fr\/?p=1851\">Sorties Ski de randonn\u00e9e des 5 et 6 f\u00e9vrier 2011<\/a><\/p>\n<p>&#8211; <a href=\"http:\/\/tcms-ski.fr\/?p=1849\">Sortie Ski de randonn\u00e9e du 30 janvier 2011<\/a><\/p>\n<p>&#8211; <a href=\"http:\/\/tcms-ski.fr\/?p=1847\">Sorties Ski de randonn\u00e9e des 22 et 23 janvier 2011<\/a><\/p>\n<p>&#8211; <a href=\"http:\/\/tcms-ski.fr\/?p=1843\">S\u00e9jour Ski de randonn\u00e9e et alpin dans le Queyras du 8 au 15 janvier 2011<\/a><\/p>\n<p>&#8211; <a href=\"http:\/\/tcms-ski.fr\/?p=1841\">S\u00e9jour Ski alpin \u00e0 Tignes du 11 au 17 d\u00e9cembre 2010<\/a><\/p>\n<p>&#8211; <a href=\"http:\/\/tcms-ski.fr\/?p=1838\">Sorties Ski de randonn\u00e9e des 10 et 11 d\u00e9cembre 2010<\/a><\/p>\n<p>&#8211; <a href=\"http:\/\/tcms-ski.fr\/?p=1833\">Ouverture de la saison 2010\/2011 \u00e0 La Mongie du 25 au 29 novembre 2010<\/a><\/p>\n","protected":false},"excerpt":{"rendered":"<p>&#8211; Sortie Canyon de l&rsquo;Artigue (Anniversaire de JO) en ao\u00fbt 2011 &#8211; S\u00e9jour Canyon en B\u00e9arn du 12 au 20 ao\u00fbt 2011 &#8211; Sortie Canyon en Vicdessos le 9 juillet 2011 &#8211; Raid Ski de randonn\u00e9e en Haute Tarentaise du 18 au 22 avril 2011 &#8211; Sortie Ski de randonn\u00e9e du 10 avril 2011 &#8211;&#8230;<\/p>\n","protected":false},"author":3,"featured_media":0,"parent":0,"menu_order":0,"comment_status":"closed","ping_status":"closed","template":"","meta":{"footnotes":""},"class_list":["post-1827","page","type-page","status-publish","hentry"],"_links":{"self":[{"href":"https:\/\/tcms-ski.fr\/index.php?rest_route=\/wp\/v2\/pages\/1827","targetHints":{"allow":["GET"]}}],"collection":[{"href":"https:\/\/tcms-ski.fr\/index.php?rest_route=\/wp\/v2\/pages"}],"about":[{"href":"https:\/\/tcms-ski.fr\/index.php?rest_route=\/wp\/v2\/types\/page"}],"author":[{"embeddable":true,"href":"https:\/\/tcms-ski.fr\/index.php?rest_route=\/wp\/v2\/users\/3"}],"replies":[{"embeddable":true,"href":"https:\/\/tcms-ski.fr\/index.php?rest_route=%2Fwp%2Fv2%2Fcomments&post=1827"}],"version-history":[{"count":11,"href":"https:\/\/tcms-ski.fr\/index.php?rest_route=\/wp\/v2\/pages\/1827\/revisions"}],"predecessor-version":[{"id":3275,"href":"https:\/\/tcms-ski.fr\/index.php?rest_route=\/wp\/v2\/pages\/1827\/revisions\/3275"}],"wp:attachment":[{"href":"https:\/\/tcms-ski.fr\/index.php?rest_route=%2Fwp%2Fv2%2Fmedia&parent=1827"}],"curies":[{"name":"wp","href":"https:\/\/api.w.org\/{rel}","templated":true}]}}