{"id":1948,"date":"2008-09-01T00:00:00","date_gmt":"2008-08-31T22:00:00","guid":{"rendered":"http:\/\/tcms-ski.fr\/?page_id=1948"},"modified":"2019-12-26T17:56:05","modified_gmt":"2019-12-26T15:56:05","slug":"comptes-rendus-saison-2008-2009","status":"publish","type":"page","link":"https:\/\/tcms-ski.fr\/?page_id=1948","title":{"rendered":"Comptes rendus saison 2008-2009"},"content":{"rendered":"<p>&#8211; <a href=\"http:\/\/tcms-ski.fr\/?p=1994\">Sortie Canyon du 24 ao\u00fbt 2009<\/a><\/p>\n<p>&#8211; <a href=\"http:\/\/tcms-ski.fr\/?p=1992\">Sortie Ski de randonn\u00e9e en mai 2009<\/a><\/p>\n<p>&#8211; <a href=\"http:\/\/tcms-ski.fr\/?p=1990\">Premi\u00e8re sortie Canyon de la saison 2009<\/a><\/p>\n<p>&#8211; <a href=\"http:\/\/tcms-ski.fr\/?p=1988\">Raid Ski de randonn\u00e9e dans le Grand Paradis (Italie-Val d&rsquo;Aoste) du 18 au 23 avril 2009<\/a><\/p>\n<p>&#8211; <a href=\"http:\/\/tcms-ski.fr\/?p=1986\">S\u00e9jour Ski alpin \u00e0 Argenti\u00e8re du 28 mars au 4 avril 2009<\/a><\/p>\n<p>&#8211; <a href=\"http:\/\/tcms-ski.fr\/?p=1984\">Sorties Ski de randonn\u00e9e des 20 et 21 mars 2009<\/a><\/p>\n<p>&#8211; <a href=\"http:\/\/tcms-ski.fr\/?p=1982\">USCF Ski alpin du 11 au 13 mars 2009<\/a><\/p>\n<p>&#8211; <a href=\"http:\/\/tcms-ski.fr\/?p=1980\">Sorties Ski de randonn\u00e9e des 14 et 15 mars 2009<\/a><\/p>\n<p>&#8211; <a href=\"http:\/\/tcms-ski.fr\/?p=1978\">Sorties Ski de randonn\u00e9e des 27 et 28 f\u00e9vrier 2009<\/a><\/p>\n<p>&#8211; <a href=\"http:\/\/tcms-ski.fr\/?p=1976\">Sorties Ski de randonn\u00e9e des 14 et 15 f\u00e9vrier 2009<\/a><\/p>\n<p>&#8211; <a href=\"http:\/\/tcms-ski.fr\/?p=1973\">Sorties Ski de randonn\u00e9e des 23-24 janvier et 6-7 f\u00e9vrier 2009<\/a><\/p>\n<p>&#8211; <a href=\"http:\/\/tcms-ski.fr\/?p=1971\">Semaine Courses Ski alpin \u00e0 Courchevel du 24 au 29 janvier 2009<\/a><\/p>\n<p>&#8211; <a href=\"http:\/\/tcms-ski.fr\/?p=1969\">S\u00e9jour Ski alpin \u00e0 La Plagne Montchavin du 17 au 24 janvier 2009<\/a><\/p>\n<p>&#8211; <a href=\"http:\/\/tcms-ski.fr\/?p=1967\">S\u00e9jour Nordique \u00e0 La F\u00e9claz du 17 au 24 janvier 2009<\/a><\/p>\n<p>&#8211; <a href=\"http:\/\/tcms-ski.fr\/?p=1965\">Sortie Ski de randonn\u00e9e des 9 et 10 janvier 2009<\/a><\/p>\n<p>&#8211; <a href=\"http:\/\/tcms-ski.fr\/?p=1961\">S\u00e9jour Ski alpin \u00e0 Tignes du 13 au 20 d\u00e9cembre 2008<\/a><\/p>\n<p>&#8211; <a href=\"http:\/\/tcms-ski.fr\/?p=1959\">Sorties Ski de randonn\u00e9e des 12 et 13 d\u00e9cembre 2008<\/a><\/p>\n","protected":false},"excerpt":{"rendered":"<p>&#8211; Sortie Canyon du 24 ao\u00fbt 2009 &#8211; Sortie Ski de randonn\u00e9e en mai 2009 &#8211; Premi\u00e8re sortie Canyon de la saison 2009 &#8211; Raid Ski de randonn\u00e9e dans le Grand Paradis (Italie-Val d&rsquo;Aoste) du 18 au 23 avril 2009 &#8211; S\u00e9jour Ski alpin \u00e0 Argenti\u00e8re du 28 mars au 4 avril 2009 &#8211; Sorties&#8230;<\/p>\n","protected":false},"author":3,"featured_media":0,"parent":0,"menu_order":0,"comment_status":"closed","ping_status":"closed","template":"","meta":{"footnotes":""},"class_list":["post-1948","page","type-page","status-publish","hentry"],"_links":{"self":[{"href":"https:\/\/tcms-ski.fr\/index.php?rest_route=\/wp\/v2\/pages\/1948","targetHints":{"allow":["GET"]}}],"collection":[{"href":"https:\/\/tcms-ski.fr\/index.php?rest_route=\/wp\/v2\/pages"}],"about":[{"href":"https:\/\/tcms-ski.fr\/index.php?rest_route=\/wp\/v2\/types\/page"}],"author":[{"embeddable":true,"href":"https:\/\/tcms-ski.fr\/index.php?rest_route=\/wp\/v2\/users\/3"}],"replies":[{"embeddable":true,"href":"https:\/\/tcms-ski.fr\/index.php?rest_route=%2Fwp%2Fv2%2Fcomments&post=1948"}],"version-history":[{"count":9,"href":"https:\/\/tcms-ski.fr\/index.php?rest_route=\/wp\/v2\/pages\/1948\/revisions"}],"predecessor-version":[{"id":3278,"href":"https:\/\/tcms-ski.fr\/index.php?rest_route=\/wp\/v2\/pages\/1948\/revisions\/3278"}],"wp:attachment":[{"href":"https:\/\/tcms-ski.fr\/index.php?rest_route=%2Fwp%2Fv2%2Fmedia&parent=1948"}],"curies":[{"name":"wp","href":"https:\/\/api.w.org\/{rel}","templated":true}]}}