{"id":2000,"date":"2007-09-01T18:38:30","date_gmt":"2007-09-01T16:38:30","guid":{"rendered":"http:\/\/tcms-ski.fr\/?page_id=2000"},"modified":"2019-12-26T18:03:43","modified_gmt":"2019-12-26T16:03:43","slug":"comptes-rendus-saison-2007-2008","status":"publish","type":"page","link":"https:\/\/tcms-ski.fr\/?page_id=2000","title":{"rendered":"Comptes rendus saison 2007-2008"},"content":{"rendered":"<p>&#8211; <a href=\"http:\/\/tcms-ski.fr\/?p=2017\">Raid Ski de randonn\u00e9e en Haute-Maurienne (Bessans) du 15 au 20 avril 2008<\/a><\/p>\n<p>&#8211; <a href=\"http:\/\/tcms-ski.fr\/?p=2045\">Sortie Ski de randonn\u00e9e du 4 avril 2008<\/a><\/p>\n<p>&#8211; <a href=\"http:\/\/tcms-ski.fr\/?p=2042\">S\u00e9jour Ski alpin \u00e0 Val d\u2019Is\u00e8re du 22 au 29 mars 2008<\/a><\/p>\n<p>&#8211; <a href=\"http:\/\/tcms-ski.fr\/?p=2040\">Sorties Ski de randonn\u00e9e des 14 et 15 mars 2008<\/a><\/p>\n<p>&#8211; <a href=\"http:\/\/tcms-ski.fr\/?p=2038\">Sorties Ski de randonn\u00e9e des 9 et 10 f\u00e9vrier 2008<\/a><\/p>\n<p>&#8211; <a href=\"http:\/\/tcms-ski.fr\/?p=2033\">S\u00e9jour Nordique \u00e0 La Bourboule (Massif du Sancy-Puy de D\u00f4me) du 2 au 9 f\u00e9vrier 2008<\/a><\/p>\n<p>&#8211; <a href=\"http:\/\/tcms-ski.fr\/?p=2036\">Semaine Course Ski alpin \u00e0 Courchevel du 2 au 8 f\u00e9vrier 2008<\/a><\/p>\n<p>&#8211; <a href=\"http:\/\/tcms-ski.fr\/?p=2031\">Raid Raquettes dans le Haut Jura du 22 au 29 janvier 2008<\/a><\/p>\n<p>&#8211; <a href=\"http:\/\/tcms-ski.fr\/?p=2028\">S\u00e9jour Ski alpin \u00e0 Doucy Valmorel du 19 au 26 janvier 2008<\/a><\/p>\n<p>&#8211; <a href=\"http:\/\/tcms-ski.fr\/?p=2014\">S\u00e9jour Ski alpin Cerler (Espagne) du 13 au 19 janvier 2008<\/a><\/p>\n<p>&#8211; <a href=\"http:\/\/tcms-ski.fr\/?p=2012\">Sorties Ski de randonn\u00e9e des 12 et 13 janvier 2008<\/a><\/p>\n<p>&#8211; <a href=\"http:\/\/tcms-ski.fr\/?p=2010\">Stage entra\u00eenement Ski alpin USCF du 7 au 11 janvier 2008<\/a><\/p>\n<p>&#8211; <a href=\"http:\/\/tcms-ski.fr\/?p=2008\">Sorties Ski de randonn\u00e9e des 4 et 5 janvier 2008<\/a><\/p>\n<p>&#8211; <a href=\"http:\/\/tcms-ski.fr\/?p=2006\">Sorties Ski de randonn\u00e9e des 14 et 15 d\u00e9cembre 2007<\/a><\/p>\n<p>&#8211; <a href=\"http:\/\/tcms-ski.fr\/?p=2002\">S\u00e9jour Ski alpin \u00e0 Tignes du 8 au 14 d\u00e9cembre 2007<\/a><\/p>\n<p>&#8211; <a href=\"http:\/\/tcms-ski.fr\/?p=2023\">Ouverture de la saison 2007\/2008 \u00e0 La Mongie les 7 et 8 d\u00e9cembre 2007<\/a><\/p>\n<p>&#8211; <a href=\"http:\/\/tcms-ski.fr\/?p=2025\">Sortie Canyon du 16 septembre 2007<\/a><\/p>\n<p>&#8211; <a href=\"http:\/\/tcms-ski.fr\/?p=2067\">Sortie Canyon du 1er septembre 2007<\/a><\/p>\n\n\n<p><\/p>\n","protected":false},"excerpt":{"rendered":"<p>&#8211; Raid Ski de randonn\u00e9e en Haute-Maurienne (Bessans) du 15 au 20 avril 2008 &#8211; Sortie Ski de randonn\u00e9e du 4 avril 2008 &#8211; S\u00e9jour Ski alpin \u00e0 Val d\u2019Is\u00e8re du 22 au 29 mars 2008 &#8211; Sorties Ski de randonn\u00e9e des 14 et 15 mars 2008 &#8211; Sorties Ski de randonn\u00e9e des 9 et&#8230;<\/p>\n","protected":false},"author":3,"featured_media":0,"parent":0,"menu_order":0,"comment_status":"closed","ping_status":"closed","template":"","meta":{"footnotes":""},"class_list":["post-2000","page","type-page","status-publish","hentry"],"_links":{"self":[{"href":"https:\/\/tcms-ski.fr\/index.php?rest_route=\/wp\/v2\/pages\/2000","targetHints":{"allow":["GET"]}}],"collection":[{"href":"https:\/\/tcms-ski.fr\/index.php?rest_route=\/wp\/v2\/pages"}],"about":[{"href":"https:\/\/tcms-ski.fr\/index.php?rest_route=\/wp\/v2\/types\/page"}],"author":[{"embeddable":true,"href":"https:\/\/tcms-ski.fr\/index.php?rest_route=\/wp\/v2\/users\/3"}],"replies":[{"embeddable":true,"href":"https:\/\/tcms-ski.fr\/index.php?rest_route=%2Fwp%2Fv2%2Fcomments&post=2000"}],"version-history":[{"count":11,"href":"https:\/\/tcms-ski.fr\/index.php?rest_route=\/wp\/v2\/pages\/2000\/revisions"}],"predecessor-version":[{"id":3281,"href":"https:\/\/tcms-ski.fr\/index.php?rest_route=\/wp\/v2\/pages\/2000\/revisions\/3281"}],"wp:attachment":[{"href":"https:\/\/tcms-ski.fr\/index.php?rest_route=%2Fwp%2Fv2%2Fmedia&parent=2000"}],"curies":[{"name":"wp","href":"https:\/\/api.w.org\/{rel}","templated":true}]}}