{"id":2051,"date":"2006-09-01T10:18:24","date_gmt":"2006-09-01T08:18:24","guid":{"rendered":"http:\/\/tcms-ski.fr\/?page_id=2051"},"modified":"2019-12-26T18:04:27","modified_gmt":"2019-12-26T16:04:27","slug":"comptes-rendus-2006-2007","status":"publish","type":"page","link":"https:\/\/tcms-ski.fr\/?page_id=2051","title":{"rendered":"Comptes rendus saison 2006-2007"},"content":{"rendered":"<p>&#8211; <a href=\"http:\/\/tcms-ski.fr\/?p=2063\">Sorties Canyon des 18 et 19 ao\u00fbt 2007<\/a><\/p>\n<p>&#8211; <a href=\"http:\/\/tcms-ski.fr\/?p=2061\">Sorties Canyon des 4 et 5 ao\u00fbt 2007<\/a><\/p>\n<p>&#8211; <a href=\"http:\/\/tcms-ski.fr\/?p=2059\">Sorties Canyon des 7 et 8 juillet 2007<\/a><\/p>\n<p>&#8211; <a href=\"http:\/\/tcms-ski.fr\/?p=2055\">Sortie Canyon du 9 juin 2007<\/a><\/p>\n<p>&#8211; <a href=\"http:\/\/tcms-ski.fr\/?p=2057\">Sortie Randonn\u00e9e au Col de Luth et Russe le 23 mai 2007<\/a><\/p>\n","protected":false},"excerpt":{"rendered":"<p>&#8211; Sorties Canyon des 18 et 19 ao\u00fbt 2007 &#8211; Sorties Canyon des 4 et 5 ao\u00fbt 2007 &#8211; Sorties Canyon des 7 et 8 juillet 2007 &#8211; Sortie Canyon du 9 juin 2007 &#8211; Sortie Randonn\u00e9e au Col de Luth et Russe le 23 mai 2007<\/p>\n","protected":false},"author":3,"featured_media":0,"parent":0,"menu_order":0,"comment_status":"closed","ping_status":"closed","template":"","meta":{"footnotes":""},"class_list":["post-2051","page","type-page","status-publish","hentry"],"_links":{"self":[{"href":"https:\/\/tcms-ski.fr\/index.php?rest_route=\/wp\/v2\/pages\/2051","targetHints":{"allow":["GET"]}}],"collection":[{"href":"https:\/\/tcms-ski.fr\/index.php?rest_route=\/wp\/v2\/pages"}],"about":[{"href":"https:\/\/tcms-ski.fr\/index.php?rest_route=\/wp\/v2\/types\/page"}],"author":[{"embeddable":true,"href":"https:\/\/tcms-ski.fr\/index.php?rest_route=\/wp\/v2\/users\/3"}],"replies":[{"embeddable":true,"href":"https:\/\/tcms-ski.fr\/index.php?rest_route=%2Fwp%2Fv2%2Fcomments&post=2051"}],"version-history":[{"count":7,"href":"https:\/\/tcms-ski.fr\/index.php?rest_route=\/wp\/v2\/pages\/2051\/revisions"}],"predecessor-version":[{"id":3282,"href":"https:\/\/tcms-ski.fr\/index.php?rest_route=\/wp\/v2\/pages\/2051\/revisions\/3282"}],"wp:attachment":[{"href":"https:\/\/tcms-ski.fr\/index.php?rest_route=%2Fwp%2Fv2%2Fmedia&parent=2051"}],"curies":[{"name":"wp","href":"https:\/\/api.w.org\/{rel}","templated":true}]}}