{"id":2241,"date":"2018-06-07T18:39:49","date_gmt":"2018-06-07T16:39:49","guid":{"rendered":"http:\/\/tcms-ski.fr\/?page_id=2241"},"modified":"2025-12-22T09:49:21","modified_gmt":"2025-12-22T07:49:21","slug":"paiement-en-ligne","status":"publish","type":"page","link":"https:\/\/tcms-ski.fr\/?page_id=2241","title":{"rendered":"Paiement en ligne"},"content":{"rendered":"\t\t<div data-elementor-type=\"wp-page\" data-elementor-id=\"2241\" class=\"elementor elementor-2241\">\n\t\t\t\t\t\t<section class=\"elementor-section elementor-top-section elementor-element elementor-element-345aa251 elementor-section-boxed elementor-section-height-default elementor-section-height-default\" data-id=\"345aa251\" data-element_type=\"section\">\n\t\t\t\t\t\t<div class=\"elementor-container elementor-column-gap-default\">\n\t\t\t\t\t<div class=\"elementor-column elementor-col-100 elementor-top-column elementor-element elementor-element-7b312622\" data-id=\"7b312622\" data-element_type=\"column\">\n\t\t\t<div class=\"elementor-widget-wrap elementor-element-populated\">\n\t\t\t\t\t\t<div class=\"elementor-element elementor-element-3e4382f elementor-widget elementor-widget-text-editor\" data-id=\"3e4382f\" data-element_type=\"widget\" data-widget_type=\"text-editor.default\">\n\t\t\t\t<div class=\"elementor-widget-container\">\n\t\t\t\t\t\t\t\t\t<p><span style=\"color: #000000;\">Deux possibilit\u00e9s s&rsquo;offrent \u00e0 vous pour payer en ligne :<\/span><\/p><ul><li><span style=\"color: #000000;\">Le paiement par virement bancaire : <strong>faire une demande de RIB \u00e0 l&rsquo;adresse mail suivante : <\/strong><\/span><span style=\"color: #0000ff;\"><a style=\"color: #0000ff;\" href=\"mailto:tcms.ski31@gmail.com\">tcms.ski31@gmail.com<\/a><\/span><strong><br \/><\/strong><\/li><\/ul><ul><li><span style=\"color: #000000;\">Le paiement par Carte Bancaire : cliquez<\/span> <span style=\"color: #0000ff;\"><a style=\"color: #0000ff;\" href=\"https:\/\/www.apayer.fr\/tcmssectionski\" target=\"_blank\" rel=\"noopener\"><strong>ICI<\/strong><\/a><\/span><\/li><\/ul>\t\t\t\t\t\t\t\t<\/div>\n\t\t\t\t<\/div>\n\t\t\t\t\t<\/div>\n\t\t<\/div>\n\t\t\t\t\t<\/div>\n\t\t<\/section>\n\t\t\t\t<\/div>\n\t\t","protected":false},"excerpt":{"rendered":"<p>Deux possibilit\u00e9s s&rsquo;offrent \u00e0 vous pour payer en ligne : Le paiement par virement bancaire : faire une demande de RIB \u00e0 l&rsquo;adresse mail suivante : tcms.ski31@gmail.com Le paiement par Carte Bancaire : cliquez ICI<\/p>\n","protected":false},"author":3,"featured_media":0,"parent":0,"menu_order":0,"comment_status":"closed","ping_status":"closed","template":"","meta":{"footnotes":""},"class_list":["post-2241","page","type-page","status-publish","hentry"],"_links":{"self":[{"href":"https:\/\/tcms-ski.fr\/index.php?rest_route=\/wp\/v2\/pages\/2241","targetHints":{"allow":["GET"]}}],"collection":[{"href":"https:\/\/tcms-ski.fr\/index.php?rest_route=\/wp\/v2\/pages"}],"about":[{"href":"https:\/\/tcms-ski.fr\/index.php?rest_route=\/wp\/v2\/types\/page"}],"author":[{"embeddable":true,"href":"https:\/\/tcms-ski.fr\/index.php?rest_route=\/wp\/v2\/users\/3"}],"replies":[{"embeddable":true,"href":"https:\/\/tcms-ski.fr\/index.php?rest_route=%2Fwp%2Fv2%2Fcomments&post=2241"}],"version-history":[{"count":21,"href":"https:\/\/tcms-ski.fr\/index.php?rest_route=\/wp\/v2\/pages\/2241\/revisions"}],"predecessor-version":[{"id":9114,"href":"https:\/\/tcms-ski.fr\/index.php?rest_route=\/wp\/v2\/pages\/2241\/revisions\/9114"}],"wp:attachment":[{"href":"https:\/\/tcms-ski.fr\/index.php?rest_route=%2Fwp%2Fv2%2Fmedia&parent=2241"}],"curies":[{"name":"wp","href":"https:\/\/api.w.org\/{rel}","templated":true}]}}