{"id":2429,"date":"2025-08-22T16:00:20","date_gmt":"2025-08-22T14:00:20","guid":{"rendered":"http:\/\/tcms-ski.fr\/?page_id=2429"},"modified":"2025-12-21T20:34:24","modified_gmt":"2025-12-21T18:34:24","slug":"programme-2025-2026","status":"publish","type":"page","link":"https:\/\/tcms-ski.fr\/?page_id=2429","title":{"rendered":"Programme 2025-2026"},"content":{"rendered":"\t\t<div data-elementor-type=\"wp-page\" data-elementor-id=\"2429\" class=\"elementor elementor-2429\">\n\t\t\t\t\t\t<section class=\"elementor-section elementor-top-section elementor-element elementor-element-61732fb5 elementor-section-boxed elementor-section-height-default elementor-section-height-default\" data-id=\"61732fb5\" data-element_type=\"section\">\n\t\t\t\t\t\t<div class=\"elementor-container elementor-column-gap-default\">\n\t\t\t\t\t<div class=\"elementor-column elementor-col-100 elementor-top-column elementor-element elementor-element-7151f72e\" data-id=\"7151f72e\" data-element_type=\"column\">\n\t\t\t<div class=\"elementor-widget-wrap elementor-element-populated\">\n\t\t\t\t\t\t<div class=\"elementor-element elementor-element-65a8ce8c elementor-widget elementor-widget-text-editor\" data-id=\"65a8ce8c\" data-element_type=\"widget\" data-widget_type=\"text-editor.default\">\n\t\t\t\t<div class=\"elementor-widget-container\">\n\t\t\t\t\t\t\t\t\t<h4><span style=\"color: #ff9900;\">Assembl\u00e9e g\u00e9n\u00e9rale 2025 de la section TCMS SKI &amp; MONTAGNE :<br \/><\/span><span style=\"color: #000000;\">Date : <span style=\"color: #ff0000;\">vendredi 7 novembre 2025 \u00e0 18h00<\/span><\/span><\/h4><h4><span style=\"color: #000000;\">Lieu : <span style=\"color: #00ff00;\">salle A au si\u00e8ge du TCMS omnisport, 48bis rue Louis Plana \u00e0 Toulouse (Surcouf)<\/span><\/span><\/h4><h4><span style=\"color: #000000;\">Pour des raisons de logistique, veuillez SVP informer par mail (<span style=\"color: #0000ff;\"><a style=\"color: #0000ff;\" href=\"mailto:tcms.31ski@gmail.com\">tcms.31ski@gmail.com<\/a><\/span>) votre pr\u00e9sence. Merci<\/span><\/h4><h4><span style=\"text-decoration: underline;\"><span style=\"color: #000000; text-decoration: underline;\">S\u00c9JOUR SKI ALPIN :<\/span><\/span><\/h4><h4><span style=\"color: #000000;\">&#8211; Du samedi 7 au samedi 14 mars 2026 &#8211; <\/span><span style=\"color: #ff9900;\">Ski alpin (Montgen\u00e8vre dans les Hautes Alpes)<\/span><\/h4><p><a href=\"https:\/\/tcms-ski.fr\/wp-content\/uploads\/2025\/08\/Flyer-sejour-ski-alpin-Montgenevre-mars-2026.pdf\" target=\"_blank\" rel=\"noopener\"><span style=\"color: #ff6600;\"><strong><span style=\"color: #993366;\">Flyer du s\u00e9jour<\/span><\/strong><\/span><\/a><\/p><p><a href=\"https:\/\/tcms-ski.fr\/wp-content\/uploads\/2025\/08\/Fiche-inscription-sejour-ski-alpin-Montgenevre-mars-2026.pdf\" target=\"_blank\" rel=\"noopener\"><strong><span style=\"color: #993366;\">Fiche d&rsquo;inscription du s\u00e9jour<\/span><\/strong><\/a><\/p><p><span style=\"color: #000000;\">Contacts :<br \/><\/span><span style=\"color: #000000;\">&#8211; Agn\u00e8s ALEX-VERGNES (T\u00e9l : 06 31 86 83 45 &#8211; Email :<\/span> <span style=\"color: #0000ff;\"><a style=\"color: #0000ff;\" href=\"mailto:agnes.alex12@orange.fr\">agnes.alex12@orange.fr<\/a><\/span><span style=\"color: #000000;\">)<\/span><br \/><span style=\"color: #000000;\">ou<\/span><br \/><span style=\"color: #000000;\">&#8211; Karine VERNHES (T\u00e9l : 06 63 71 63 03 &#8211; Email :<\/span> <span style=\"color: #0000ff;\"><a style=\"color: #0000ff;\" href=\"mailto:vernheskarine@gmail.com\">vernheskarine@gmail.com<\/a><\/span><span style=\"color: #000000;\">)<\/span><\/p><h4><span style=\"text-decoration: underline;\"><span style=\"color: #000000; text-decoration: underline;\">SKI DE RANDONN\u00c9E :<\/span><\/span><\/h4><h4><span style=\"color: #000000;\">Le programme de la saison <\/span><span style=\"color: #000000;\">2025-2026 <\/span><span style=\"color: #000000;\">se composera d&rsquo;un s\u00e9jour Free-ride rando dans les Alpes de Sunnmore en Norv\u00e8ge du 9 au 16 f\u00e9vrier 2026 et d&rsquo;un raid de 6\/7 jours sur la p\u00e9riode du 3 au 12 avril 2026 dans le Val d&rsquo;Aoste en Italie (Val ferret et vall\u00e9es de Valpelline).<\/span><\/h4><h4><strong><span style=\"color: #ff00ff;\">Tous les fichiers pour adh\u00e9sion au club et inscription aux diff\u00e9rents s\u00e9jours sont disponibles \u00e0 la rubrique<\/span><\/strong> <span style=\"color: #ff6600;\"><a style=\"color: #ff6600;\" href=\"http:\/\/tcms-ski.fr\/?page_id=409\">\u00ab\u00a0DOCUMENTS\u00a0\u00bb<\/a><\/span><\/h4>\t\t\t\t\t\t\t\t<\/div>\n\t\t\t\t<\/div>\n\t\t\t\t\t<\/div>\n\t\t<\/div>\n\t\t\t\t\t<\/div>\n\t\t<\/section>\n\t\t\t\t<\/div>\n\t\t","protected":false},"excerpt":{"rendered":"<p>Assembl\u00e9e g\u00e9n\u00e9rale 2025 de la section TCMS SKI &amp; MONTAGNE :Date : vendredi 7 novembre 2025 \u00e0 18h00 Lieu : salle A au si\u00e8ge du TCMS omnisport, 48bis rue Louis Plana \u00e0 Toulouse (Surcouf) Pour des raisons de logistique, veuillez SVP informer par mail (tcms.31ski@gmail.com) votre pr\u00e9sence. Merci S\u00c9JOUR SKI ALPIN : &#8211; Du samedi&#8230;<\/p>\n","protected":false},"author":3,"featured_media":0,"parent":0,"menu_order":0,"comment_status":"closed","ping_status":"closed","template":"","meta":{"footnotes":""},"class_list":["post-2429","page","type-page","status-publish","hentry"],"_links":{"self":[{"href":"https:\/\/tcms-ski.fr\/index.php?rest_route=\/wp\/v2\/pages\/2429","targetHints":{"allow":["GET"]}}],"collection":[{"href":"https:\/\/tcms-ski.fr\/index.php?rest_route=\/wp\/v2\/pages"}],"about":[{"href":"https:\/\/tcms-ski.fr\/index.php?rest_route=\/wp\/v2\/types\/page"}],"author":[{"embeddable":true,"href":"https:\/\/tcms-ski.fr\/index.php?rest_route=\/wp\/v2\/users\/3"}],"replies":[{"embeddable":true,"href":"https:\/\/tcms-ski.fr\/index.php?rest_route=%2Fwp%2Fv2%2Fcomments&post=2429"}],"version-history":[{"count":260,"href":"https:\/\/tcms-ski.fr\/index.php?rest_route=\/wp\/v2\/pages\/2429\/revisions"}],"predecessor-version":[{"id":9059,"href":"https:\/\/tcms-ski.fr\/index.php?rest_route=\/wp\/v2\/pages\/2429\/revisions\/9059"}],"wp:attachment":[{"href":"https:\/\/tcms-ski.fr\/index.php?rest_route=%2Fwp%2Fv2%2Fmedia&parent=2429"}],"curies":[{"name":"wp","href":"https:\/\/api.w.org\/{rel}","templated":true}]}}