{"id":2573,"date":"2019-01-20T00:08:55","date_gmt":"2019-01-19T22:08:55","guid":{"rendered":"http:\/\/tcms-ski.fr\/?page_id=2573"},"modified":"2019-08-16T13:55:10","modified_gmt":"2019-08-16T11:55:10","slug":"comptes-rendus-saison-2018-2019","status":"publish","type":"page","link":"https:\/\/tcms-ski.fr\/?page_id=2573","title":{"rendered":"Comptes rendus saison 2018-2019"},"content":{"rendered":"<p><a href=\"http:\/\/tcms-ski.fr\/?p=3018\">&#8211; S\u00e9jour Multi-activit\u00e9s \u00e0 Port\u00e9 Puymorens du 27 juillet au 3 ao\u00fbt 2019<\/a><\/p>\n<p><a href=\"http:\/\/tcms-ski.fr\/?p=2881\">&#8211; Raid Ski de randonn\u00e9e secteur d&rsquo;Argenti\u00e8re du 14 au 18 avril 2019<\/a><\/p>\n<p><a href=\"http:\/\/tcms-ski.fr\/?p=2773\">&#8211; Sorties Ski de randonn\u00e9e des 23 et 24 mars 2019<\/a><\/p>\n<p><a href=\"http:\/\/tcms-ski.fr\/?p=2736\">&#8211; S\u00e9jour Ski alpin Flaine \u2013 Samo\u00ebns du 9 au 16 mars 2019<\/a><\/p>\n<p><a href=\"http:\/\/tcms-ski.fr\/?p=2607\">&#8211; Sorties Ski de randonn\u00e9e des 23 et 24 f\u00e9vrier 2019<\/a><\/p>\n<p><a href=\"http:\/\/tcms-ski.fr\/?p=2609\">&#8211; Raid Ski de randonn\u00e9e en Val d&rsquo;Aran (Espagne) du 18 au 21 f\u00e9vrier 2019<\/a><\/p>\n<p><a href=\"http:\/\/tcms-ski.fr\/?p=2602\">&#8211; S\u00e9jour Ski freeride-rando \u00e0 Monterosa (Italie) du 3 au 9 f\u00e9vrier 2019<\/a><\/p>\n<p><a href=\"http:\/\/tcms-ski.fr\/?p=2587\">&#8211; S\u00e9jour Ski alpin Serre \u2013 Chevalier du 12 au 18 janvier 2019<\/a><\/p>\n<p><a href=\"http:\/\/tcms-ski.fr\/?p=2541\">&#8211; Sorties Ski de randonn\u00e9e des 5 et 6 janvier 2019<\/a><\/p>\n","protected":false},"excerpt":{"rendered":"<p>&#8211; S\u00e9jour Multi-activit\u00e9s \u00e0 Port\u00e9 Puymorens du 27 juillet au 3 ao\u00fbt 2019 &#8211; Raid Ski de randonn\u00e9e secteur d&rsquo;Argenti\u00e8re du 14 au 18 avril 2019 &#8211; Sorties Ski de randonn\u00e9e des 23 et 24 mars 2019 &#8211; S\u00e9jour Ski alpin Flaine \u2013 Samo\u00ebns du 9 au 16 mars 2019 &#8211; Sorties Ski de randonn\u00e9e&#8230;<\/p>\n","protected":false},"author":3,"featured_media":0,"parent":0,"menu_order":0,"comment_status":"closed","ping_status":"closed","template":"","meta":{"footnotes":""},"class_list":["post-2573","page","type-page","status-publish","hentry"],"_links":{"self":[{"href":"https:\/\/tcms-ski.fr\/index.php?rest_route=\/wp\/v2\/pages\/2573","targetHints":{"allow":["GET"]}}],"collection":[{"href":"https:\/\/tcms-ski.fr\/index.php?rest_route=\/wp\/v2\/pages"}],"about":[{"href":"https:\/\/tcms-ski.fr\/index.php?rest_route=\/wp\/v2\/types\/page"}],"author":[{"embeddable":true,"href":"https:\/\/tcms-ski.fr\/index.php?rest_route=\/wp\/v2\/users\/3"}],"replies":[{"embeddable":true,"href":"https:\/\/tcms-ski.fr\/index.php?rest_route=%2Fwp%2Fv2%2Fcomments&post=2573"}],"version-history":[{"count":21,"href":"https:\/\/tcms-ski.fr\/index.php?rest_route=\/wp\/v2\/pages\/2573\/revisions"}],"predecessor-version":[{"id":3067,"href":"https:\/\/tcms-ski.fr\/index.php?rest_route=\/wp\/v2\/pages\/2573\/revisions\/3067"}],"wp:attachment":[{"href":"https:\/\/tcms-ski.fr\/index.php?rest_route=%2Fwp%2Fv2%2Fmedia&parent=2573"}],"curies":[{"name":"wp","href":"https:\/\/api.w.org\/{rel}","templated":true}]}}