{"id":26,"date":"2015-08-06T13:36:41","date_gmt":"2015-08-06T11:36:41","guid":{"rendered":"https:\/\/tcmsski.wordpress.com\/?page_id=26"},"modified":"2023-10-28T10:39:46","modified_gmt":"2023-10-28T08:39:46","slug":"nordique-ski-de-fond-raquettes","status":"publish","type":"page","link":"https:\/\/tcms-ski.fr\/?page_id=26","title":{"rendered":"Nordique : ski de fond &#038; raquettes"},"content":{"rendered":"\t\t<div data-elementor-type=\"wp-page\" data-elementor-id=\"26\" class=\"elementor elementor-26\">\n\t\t\t\t\t\t<section class=\"elementor-section elementor-top-section elementor-element elementor-element-2747bf37 elementor-section-boxed elementor-section-height-default elementor-section-height-default\" data-id=\"2747bf37\" data-element_type=\"section\">\n\t\t\t\t\t\t<div class=\"elementor-container elementor-column-gap-default\">\n\t\t\t\t\t<div class=\"elementor-column elementor-col-100 elementor-top-column elementor-element elementor-element-19b3ea88\" data-id=\"19b3ea88\" data-element_type=\"column\">\n\t\t\t<div class=\"elementor-widget-wrap elementor-element-populated\">\n\t\t\t\t\t\t<div class=\"elementor-element elementor-element-32b5098f elementor-widget elementor-widget-text-editor\" data-id=\"32b5098f\" data-element_type=\"widget\" data-widget_type=\"text-editor.default\">\n\t\t\t\t<div class=\"elementor-widget-container\">\n\t\t\t\t\t\t\t\t\t<p style=\"text-align: justify;\"><span style=\"color: #000000;\">Les disciplines nordiques s\u2019adressent tout d\u2019abord \u00e0 celles et ceux qui pratiquent le ski nordique et la raquette \u00e0 titre de loisir, loin de tout esprit de comp\u00e9tition. Sont organis\u00e9es normalement des sorties \u00e0 la journ\u00e9e ou sur un week-end dans les Pyr\u00e9n\u00e9es, ainsi que des s\u00e9jours ou des raids d\u2019une semaine dans les Alpes, le Jura ou le Massif-Central. Malheureusement, il n&rsquo;y a plus \u00e0 ce jour d&rsquo;organisateur de s\u00e9jour donc nous sommes dans l&rsquo;incapacit\u00e9 de proposer de quelconques sorties ou s\u00e9jours. Nous cherchons actuellement un b\u00e9n\u00e9vole faisant office d&rsquo;organisateur\u00a0 d&rsquo;activit\u00e9s nordiques.<\/span><\/p><p style=\"text-align: justify;\"><span style=\"color: #000000;\">Par contre, un stage annuel est propos\u00e9 aux coureurs de ski de fond d\u00e9bouchant sur les championnats SNCF de cette discipline. La section Ski &amp; Montagne cherche \u00e0 recruter de jeunes cheminots sportifs travaillant sur la r\u00e9gion de Toulouse ou ailleurs afin de renforcer l\u2019\u00e9quipe comp\u00e9tition.<\/span><\/p><p style=\"text-align: justify;\"><strong><span style=\"color: #000000;\">Tout b\u00e9n\u00e9vole pour prendre en charge les diverses activit\u00e9s du Nordique est le bienvenu au sein du club.<\/span><\/strong><\/p>\t\t\t\t\t\t\t\t<\/div>\n\t\t\t\t<\/div>\n\t\t\t\t\t<\/div>\n\t\t<\/div>\n\t\t\t\t\t<\/div>\n\t\t<\/section>\n\t\t\t\t<\/div>\n\t\t","protected":false},"excerpt":{"rendered":"<p>Les disciplines nordiques s\u2019adressent tout d\u2019abord \u00e0 celles et ceux qui pratiquent le ski nordique et la raquette \u00e0 titre de loisir, loin de tout esprit de comp\u00e9tition. Sont organis\u00e9es normalement des sorties \u00e0 la journ\u00e9e ou sur un week-end dans les Pyr\u00e9n\u00e9es, ainsi que des s\u00e9jours ou des raids d\u2019une semaine dans les Alpes,&#8230;<\/p>\n","protected":false},"author":2,"featured_media":0,"parent":0,"menu_order":0,"comment_status":"closed","ping_status":"closed","template":"","meta":{"footnotes":""},"class_list":["post-26","page","type-page","status-publish","hentry"],"_links":{"self":[{"href":"https:\/\/tcms-ski.fr\/index.php?rest_route=\/wp\/v2\/pages\/26","targetHints":{"allow":["GET"]}}],"collection":[{"href":"https:\/\/tcms-ski.fr\/index.php?rest_route=\/wp\/v2\/pages"}],"about":[{"href":"https:\/\/tcms-ski.fr\/index.php?rest_route=\/wp\/v2\/types\/page"}],"author":[{"embeddable":true,"href":"https:\/\/tcms-ski.fr\/index.php?rest_route=\/wp\/v2\/users\/2"}],"replies":[{"embeddable":true,"href":"https:\/\/tcms-ski.fr\/index.php?rest_route=%2Fwp%2Fv2%2Fcomments&post=26"}],"version-history":[{"count":8,"href":"https:\/\/tcms-ski.fr\/index.php?rest_route=\/wp\/v2\/pages\/26\/revisions"}],"predecessor-version":[{"id":7055,"href":"https:\/\/tcms-ski.fr\/index.php?rest_route=\/wp\/v2\/pages\/26\/revisions\/7055"}],"wp:attachment":[{"href":"https:\/\/tcms-ski.fr\/index.php?rest_route=%2Fwp%2Fv2%2Fmedia&parent=26"}],"curies":[{"name":"wp","href":"https:\/\/api.w.org\/{rel}","templated":true}]}}