{"id":3350,"date":"2019-12-31T00:11:31","date_gmt":"2019-12-30T22:11:31","guid":{"rendered":"http:\/\/tcms-ski.fr\/?page_id=3350"},"modified":"2022-08-15T16:40:24","modified_gmt":"2022-08-15T14:40:24","slug":"comptes-rendus-saison-2019-2020","status":"publish","type":"page","link":"https:\/\/tcms-ski.fr\/?page_id=3350","title":{"rendered":"Comptes rendus saison 2019-2020"},"content":{"rendered":"\t\t<div data-elementor-type=\"wp-page\" data-elementor-id=\"3350\" class=\"elementor elementor-3350\">\n\t\t\t\t\t\t<section class=\"elementor-section elementor-top-section elementor-element elementor-element-55910a4 elementor-section-boxed elementor-section-height-default elementor-section-height-default\" data-id=\"55910a4\" data-element_type=\"section\">\n\t\t\t\t\t\t<div class=\"elementor-container elementor-column-gap-default\">\n\t\t\t\t\t<div class=\"elementor-column elementor-col-100 elementor-top-column elementor-element elementor-element-10801f2\" data-id=\"10801f2\" data-element_type=\"column\">\n\t\t\t<div class=\"elementor-widget-wrap\">\n\t\t\t\t\t\t\t<\/div>\n\t\t<\/div>\n\t\t\t\t\t<\/div>\n\t\t<\/section>\n\t\t\t\t<section class=\"elementor-section elementor-top-section elementor-element elementor-element-398243f elementor-section-boxed elementor-section-height-default elementor-section-height-default\" data-id=\"398243f\" data-element_type=\"section\">\n\t\t\t\t\t\t<div class=\"elementor-container elementor-column-gap-default\">\n\t\t\t\t\t<div class=\"elementor-column elementor-col-100 elementor-top-column elementor-element elementor-element-6f08abf\" data-id=\"6f08abf\" data-element_type=\"column\">\n\t\t\t<div class=\"elementor-widget-wrap elementor-element-populated\">\n\t\t\t\t\t\t<div class=\"elementor-element elementor-element-0b923aa elementor-widget elementor-widget-text-editor\" data-id=\"0b923aa\" data-element_type=\"widget\" data-widget_type=\"text-editor.default\">\n\t\t\t\t<div class=\"elementor-widget-container\">\n\t\t\t\t\t\t\t\t\t<p><span style=\"color: #000000;\">&#8211; <span style=\"color: #ff6600;\"><a style=\"color: #ff6600;\" href=\"https:\/\/tcms-ski.fr\/?p=3358\">S\u00e9jour Ski de randonn\u00e9e \u00e0 Saint V\u00e9ran (Queyras) du 11 au 18 janvier 2020<\/a><\/span><\/span><\/p>\n<p><span style=\"color: #000000;\">&#8211; <a href=\"https:\/\/tcms-ski.fr\/?p=3480\"><span style=\"color: #ff6600;\">S\u00e9jour Ski alpin Baqueira (Espagne) du 19 au 24 janvier 2020<\/span><\/a><\/span><\/p>\n<p><span style=\"color: #000000;\">&#8211; <a href=\"https:\/\/tcms-ski.fr\/?p=3444\"><span style=\"color: #ff6600;\">Sortie Ski de randonn\u00e9e du 2 f\u00e9vrier 2020<\/span><\/a><\/span><\/p>\n<p><span style=\"color: #000000;\">&#8211; <a href=\"https:\/\/tcms-ski.fr\/?p=3512\"><span style=\"color: #ff6600;\">S\u00e9jour ski \u00ab virtuel \u00bb Saint Fran\u00e7ois-Longchamp du 14 au 21 mars 2020<\/span><\/a><\/span><\/p>\t\t\t\t\t\t\t\t<\/div>\n\t\t\t\t<\/div>\n\t\t\t\t\t<\/div>\n\t\t<\/div>\n\t\t\t\t\t<\/div>\n\t\t<\/section>\n\t\t\t\t<\/div>\n\t\t","protected":false},"excerpt":{"rendered":"<p>&#8211; S\u00e9jour Ski de randonn\u00e9e \u00e0 Saint V\u00e9ran (Queyras) du 11 au 18 janvier 2020 &#8211; S\u00e9jour Ski alpin Baqueira (Espagne) du 19 au 24 janvier 2020 &#8211; Sortie Ski de randonn\u00e9e du 2 f\u00e9vrier 2020 &#8211; S\u00e9jour ski \u00ab virtuel \u00bb Saint Fran\u00e7ois-Longchamp du 14 au 21 mars 2020<\/p>\n","protected":false},"author":3,"featured_media":0,"parent":0,"menu_order":0,"comment_status":"closed","ping_status":"closed","template":"","meta":{"footnotes":""},"class_list":["post-3350","page","type-page","status-publish","hentry"],"_links":{"self":[{"href":"https:\/\/tcms-ski.fr\/index.php?rest_route=\/wp\/v2\/pages\/3350","targetHints":{"allow":["GET"]}}],"collection":[{"href":"https:\/\/tcms-ski.fr\/index.php?rest_route=\/wp\/v2\/pages"}],"about":[{"href":"https:\/\/tcms-ski.fr\/index.php?rest_route=\/wp\/v2\/types\/page"}],"author":[{"embeddable":true,"href":"https:\/\/tcms-ski.fr\/index.php?rest_route=\/wp\/v2\/users\/3"}],"replies":[{"embeddable":true,"href":"https:\/\/tcms-ski.fr\/index.php?rest_route=%2Fwp%2Fv2%2Fcomments&post=3350"}],"version-history":[{"count":33,"href":"https:\/\/tcms-ski.fr\/index.php?rest_route=\/wp\/v2\/pages\/3350\/revisions"}],"predecessor-version":[{"id":5206,"href":"https:\/\/tcms-ski.fr\/index.php?rest_route=\/wp\/v2\/pages\/3350\/revisions\/5206"}],"wp:attachment":[{"href":"https:\/\/tcms-ski.fr\/index.php?rest_route=%2Fwp%2Fv2%2Fmedia&parent=3350"}],"curies":[{"name":"wp","href":"https:\/\/api.w.org\/{rel}","templated":true}]}}