{"id":39,"date":"2025-09-21T16:00:09","date_gmt":"2025-09-21T14:00:09","guid":{"rendered":"https:\/\/tcmsski.wordpress.com\/?page_id=39"},"modified":"2025-12-22T10:21:21","modified_gmt":"2025-12-22T08:21:21","slug":"tarifs","status":"publish","type":"page","link":"https:\/\/tcms-ski.fr\/?page_id=39","title":{"rendered":"Tarifs 2025-2026"},"content":{"rendered":"\t\t<div data-elementor-type=\"wp-page\" data-elementor-id=\"39\" class=\"elementor elementor-39\">\n\t\t\t\t\t\t<section class=\"elementor-section elementor-top-section elementor-element elementor-element-35ca61a4 elementor-section-boxed elementor-section-height-default elementor-section-height-default\" data-id=\"35ca61a4\" data-element_type=\"section\">\n\t\t\t\t\t\t<div class=\"elementor-container elementor-column-gap-default\">\n\t\t\t\t\t<div class=\"elementor-column elementor-col-100 elementor-top-column elementor-element elementor-element-4cc091e6\" data-id=\"4cc091e6\" data-element_type=\"column\">\n\t\t\t<div class=\"elementor-widget-wrap elementor-element-populated\">\n\t\t\t\t\t\t<div class=\"elementor-element elementor-element-4a64dea5 elementor-widget elementor-widget-text-editor\" data-id=\"4a64dea5\" data-element_type=\"widget\" data-widget_type=\"text-editor.default\">\n\t\t\t\t<div class=\"elementor-widget-container\">\n\t\t\t\t\t\t\t\t\t<h4><span style=\"color: #000000;\">Adh\u00e9sion club<\/span><\/h4>\n<ul>\n<li><span style=\"color: #000000;\">Individuelle \u00ab\u00a0Cheminot\u00a0\u00bb\u00a0: 15 \u20ac &#8211; Individuelle \u00ab\u00a0Externe\u00a0\u00bb\u00a0: 20 \u20ac<\/span><\/li>\n<li><span style=\"color: #000000;\">Familiale \u00ab\u00a0Cheminot\u00a0\u00bb\u00a0: 21 \u20ac &#8211; Familiale \u00ab\u00a0Externe\u00a0\u00bb\u00a0: 26 \u20ac<\/span><\/li>\n<\/ul>\n<h4><span style=\"color: #000000;\">Refuge<\/span><\/h4>\n<h5><span style=\"color: #000000;\">La nuit\u00e9e\u00a0:<\/span><\/h5>\n<p><span style=\"color: #000000;\"><strong>Adultes :<\/strong><\/span><\/p>\n<ul>\n<li><span style=\"color: #000000;\">Adh\u00e9rent TCMS Ski &amp; Montagne\u00a0: 8 \u20ac<\/span><\/li>\n<li><span style=\"color: #000000;\">Non adh\u00e9rent\u00a0: 10 \u20ac<\/span><\/li>\n<\/ul>\n<p><span style=\"color: #000000;\"><strong>Enfants de &#8211; 12 ans :<\/strong><\/span><\/p>\n<ul>\n<li><span style=\"color: #000000;\">5 \u20ac la nuit pour les enfants des adh\u00e9rents du TCMS Ski &amp; Montagne<\/span><\/li>\n<li><span style=\"color: #000000;\">6 \u20ac la nuit pour les enfants des non adh\u00e9rents<\/span><\/li>\n<\/ul>\n<h4><span style=\"color: #000000;\">Licences &amp; assurances<\/span><\/h4>\n<p><span style=\"color: #ff9900;\"><strong>F\u00e9d\u00e9ration Fran\u00e7aise de Ski FFS (tarifs 2025-2026)<\/strong><\/span><\/p>\n<ul>\n<li><span style=\"color: #000000;\">Licence Carte Neige Loisir \u00ab\u00a0Adulte\u00a0\u00bb (+ de 15 ans) avec Responsabilit\u00e9 Civile (sans option d&rsquo;assurance) : 48,30 \u20ac<\/span><\/li>\n<li><span style=\"color: #000000;\">Licence Carte Neige Loisir \u00ab\u00a0Adulte\u00a0\u00bb (+ de 15 ans) avec RC + option Assurance Primo : 64,80 \u20ac<\/span><\/li>\n<li><span style=\"color: #000000;\">Licence Carte Neige Loisir \u00ab\u00a0Adulte\u00a0\u00bb (+ de 15 ans) avec RC + option Assurance M\u00e9dium : 76,40 \u20ac<\/span><\/li>\n<li><span style=\"color: #000000;\">Licence Carte Neige Loisir \u00ab\u00a0Adulte\u00a0\u00bb (+ de 15 ans) avec RC + option Assurance Optimum : <\/span><span style=\"color: #000000;\">96,80 \u20ac<\/span><\/li>\n<li><span style=\"color: #000000;\">Licence Carte Neige Loisir \u00ab\u00a0Famille\u00a0\u00bb (4 pers. et +) avec RC (sans option d&rsquo;assurance) : 150,20 \u20ac<\/span><\/li>\n<li><span style=\"color: #000000;\">Licence Carte Neige Loisir \u00ab\u00a0Famille\u00a0\u00bb (4 pers. et +) avec RC + option Assurance Primo: 207,20 \u20ac<\/span><\/li>\n<li><span style=\"color: #000000;\">Licence Carte Neige Loisir \u00ab\u00a0Famille\u00a0\u00bb (4 pers. et +) avec RC + option Assurance M\u00e9dium : 247,20 \u20ac<\/span><\/li>\n<li><span style=\"color: #000000;\">Licence Carte Neige Loisir \u00ab\u00a0Famille\u00a0\u00bb (4 pers. et +) avec RC + option Assurance Optimum : 317,20 \u20ac<\/span><\/li>\n<\/ul>\n<p><strong><span style=\"color: #ff9900;\">F\u00e9d\u00e9ratio<\/span><\/strong><strong><span style=\"color: #ff9900;\">n Fran\u00e7aise M<\/span><\/strong><strong><span style=\"color: #ff9900;\">ontagne Escalade FFME (tarifs 2025-2026)<\/span><\/strong><\/p>\n<ul>\n<li><span style=\"color: #000000;\">Licence \u00ab\u00a0Annuelle\u00a0\u00bb FFME Adulte : 75,50 \u20ac<\/span><\/li>\n<li><span style=\"color: #000000;\">Assurance responsabilit\u00e9 civile <span style=\"text-decoration: underline;\">obligatoire<\/span> : + 6,00 \u20ac<\/span><\/li>\n<li><span style=\"color: #000000;\">Assurance FFME Base : + 8,00 \u20ac<\/span><\/li>\n<li><span style=\"color: #000000;\">Assurance FFME Base + : + 11,00 \u20ac<\/span><\/li>\n<li><span style=\"color: #000000;\">Assurance FFME suppl\u00e9ment Base ++ : + 18,00 \u20ac<\/span><\/li>\n<li><span style=\"color: #000000;\">Assurance FFME option Ski de piste\u00a0: + 5,00 \u20ac<\/span><\/li>\n<li><span style=\"color: #000000;\">Assurance FFME option VTT\u00a0: + 30,00 \u20ac<\/span><\/li>\n<li><span style=\"color: #000000;\">Assurance FFME option Trail : + 10,00 \u20ac<\/span><\/li>\n<li><span style=\"color: #000000;\">Licence \u00ab\u00a0D\u00e9couverte\u00a0\u00bb FFME journali\u00e8re (Licence + assurance sur une journ\u00e9e) : 5,00 \u20ac<\/span><\/li>\n<li><span style=\"color: #000000;\">Licence \u00ab\u00a0D\u00e9couverte\u00a0\u00bb FFME hebdomadaire (Licence + assurance sur 7 jours) : 14,00 \u20ac<br \/><span style=\"text-decoration: underline;\">Particularit\u00e9 de la licence \u00ab\u00a0D\u00e9couverte\u00a0\u00bb : limit\u00e9 \u00e0 trois licences \u00ab D\u00e9couverte \u00bb (journali\u00e8re et\/ou hebdomadaire cumul\u00e9es) sur une saison.<\/span><\/span><\/li>\n<\/ul>\n<p><strong><span style=\"color: #ff9900;\">Tourisme Loisirs Culture TLC (tarifs 2026) <span style=\"color: #000000;\">&#8211; <\/span><\/span><\/strong><a href=\"https:\/\/tlcoccitanie.com\/\" target=\"_blank\" rel=\"noopener\"><span style=\"color: #ff9900;\"><span style=\"color: #0000ff;\">Site TLC Occitanie<\/span><\/span><\/a><strong><span style=\"color: #ff9900;\"><br \/><\/span><\/strong><\/p>\n<ul>\n<li><span style=\"color: #000000;\">TLC \u00ab\u00a0Individuelle\u00a0\u00bb : 28 \u20ac<\/span><\/li>\n<li><span style=\"color: #000000;\">TLC \u00ab\u00a0Individuelle\u00a0\u00bb : 36 \u20ac<\/span><\/li>\n<li><span style=\"color: #000000;\">TLC \u00ab\u00a0Retrait\u00e9\u00a0\u00bb : 20 \u20ac<\/span><\/li>\n<\/ul>\n<p><span style=\"color: #000000;\"><strong><span style=\"text-decoration: underline;\"> Informations compl\u00e9mentaires sur les assurances<\/span><\/strong><\/span><\/p>\n<p><span style=\"color: #000000;\"><strong>Assurance FFS (Courtier VERSPIEREN)\u00a0 :<\/strong>\u00a0<\/span> <a class=\"liens\" title=\"\" href=\"http:\/\/www.ffs.fr\" target=\"_blank\" rel=\"noopener noreferrer\"><span style=\"color: #0000ff;\">www.ffs.fr<\/span><\/a><br \/><span style=\"color: #000000;\">Les garanties propos\u00e9es aux licenci\u00e9s sont acquises en cas d&rsquo;accident corporel survenant dans le monde entier du fait de la pratique en amateur\u00a0:<\/span><\/p>\n<ul>\n<li><span style=\"color: #000000;\">Du ski sous toutes ses formes,<\/span><\/li>\n<li><span style=\"color: #000000;\">Des activit\u00e9s physiques (non soumises \u00e0 exclusion) pratiqu\u00e9es en montagne, y compris les randonn\u00e9es \u00e0 ski ou p\u00e9destres avec ou sans raquettes (\u00e0 l&rsquo;exclusion des raids et exp\u00e9ditions individuels qui ne sont garantis que s&rsquo;ils ont lieu en Europe),<\/span><\/li>\n<li><span style=\"color: #000000;\">Des sports ou activit\u00e9s diverses (pratiqu\u00e9s en plaine ou en montagne), organis\u00e9s collectivement par et sous la responsabilit\u00e9 d&rsquo;une association ou d&rsquo;un groupement affili\u00e9 \u00e0 la FFS.<\/span><\/li>\n<\/ul>\n<p><span style=\"color: #000000;\">La notice d&rsquo;informations sur l&rsquo;assurance FFS <strong>2025-2026<\/strong> est disponible<\/span> <a href=\"https:\/\/ffs.fr\/garanties-dassurance\/\" target=\"_blank\" rel=\"noopener\"><span style=\"color: #0000ff;\"><strong>ICI<\/strong><\/span><\/a><\/p>\n<p><span style=\"color: #000000;\">Le r\u00e8glement licence FFS <strong>2025-2026<\/strong> est disponible<\/span> <a href=\"https:\/\/ffs.fr\/reglements\/categories\/regles-communes\/\" target=\"_blank\" rel=\"noopener\"><span style=\"color: #0000ff;\"><strong>ICI<\/strong><\/span><\/a><\/p>\n<p><span style=\"color: #000000;\"><strong>Assurance FFME (Allianz)\u00a0:<\/strong><\/span> <span style=\"color: #0000ff;\"><a class=\"liens\" title=\"\" href=\"http:\/\/www.ffme.fr\" target=\"_blank\" rel=\"noopener noreferrer\"><span style=\"color: #0000ff;\">www.ffme.fr<\/span><\/a><\/span><br \/><span style=\"color: #000000;\">La notice d&rsquo;informations sur l&rsquo;assurance FFME <strong>2025-2026<\/strong> est disponible<\/span> <a href=\"https:\/\/tcms-ski.fr\/wp-content\/uploads\/2025\/09\/FFME-2025-2026_Notice-assurance.pdf\" target=\"_blank\" rel=\"noopener\"><span style=\"color: #0000ff;\"><strong><span style=\"color: #0000ff;\">ICI<\/span><\/strong><\/span><\/a><\/p>\n<p>\u00a0<\/p>\n<p><\/p>\n<p><\/p>\t\t\t\t\t\t\t\t<\/div>\n\t\t\t\t<\/div>\n\t\t\t\t\t<\/div>\n\t\t<\/div>\n\t\t\t\t\t<\/div>\n\t\t<\/section>\n\t\t\t\t<\/div>\n\t\t","protected":false},"excerpt":{"rendered":"<p>Adh\u00e9sion club Individuelle \u00ab\u00a0Cheminot\u00a0\u00bb\u00a0: 15 \u20ac &#8211; Individuelle \u00ab\u00a0Externe\u00a0\u00bb\u00a0: 20 \u20ac Familiale \u00ab\u00a0Cheminot\u00a0\u00bb\u00a0: 21 \u20ac &#8211; Familiale \u00ab\u00a0Externe\u00a0\u00bb\u00a0: 26 \u20ac Refuge La nuit\u00e9e\u00a0: Adultes : Adh\u00e9rent TCMS Ski &amp; Montagne\u00a0: 8 \u20ac Non adh\u00e9rent\u00a0: 10 \u20ac Enfants de &#8211; 12 ans : 5 \u20ac la nuit pour les enfants des adh\u00e9rents du TCMS Ski &amp;&#8230;<\/p>\n","protected":false},"author":3,"featured_media":0,"parent":0,"menu_order":0,"comment_status":"closed","ping_status":"closed","template":"","meta":{"footnotes":""},"class_list":["post-39","page","type-page","status-publish","hentry"],"_links":{"self":[{"href":"https:\/\/tcms-ski.fr\/index.php?rest_route=\/wp\/v2\/pages\/39","targetHints":{"allow":["GET"]}}],"collection":[{"href":"https:\/\/tcms-ski.fr\/index.php?rest_route=\/wp\/v2\/pages"}],"about":[{"href":"https:\/\/tcms-ski.fr\/index.php?rest_route=\/wp\/v2\/types\/page"}],"author":[{"embeddable":true,"href":"https:\/\/tcms-ski.fr\/index.php?rest_route=\/wp\/v2\/users\/3"}],"replies":[{"embeddable":true,"href":"https:\/\/tcms-ski.fr\/index.php?rest_route=%2Fwp%2Fv2%2Fcomments&post=39"}],"version-history":[{"count":222,"href":"https:\/\/tcms-ski.fr\/index.php?rest_route=\/wp\/v2\/pages\/39\/revisions"}],"predecessor-version":[{"id":9148,"href":"https:\/\/tcms-ski.fr\/index.php?rest_route=\/wp\/v2\/pages\/39\/revisions\/9148"}],"wp:attachment":[{"href":"https:\/\/tcms-ski.fr\/index.php?rest_route=%2Fwp%2Fv2%2Fmedia&parent=39"}],"curies":[{"name":"wp","href":"https:\/\/api.w.org\/{rel}","templated":true}]}}