{"id":409,"date":"2017-08-12T00:13:23","date_gmt":"2017-08-11T22:13:23","guid":{"rendered":"http:\/\/tcms-ski.fr\/wordpress\/?page_id=409"},"modified":"2025-12-22T12:14:24","modified_gmt":"2025-12-22T10:14:24","slug":"documents","status":"publish","type":"page","link":"https:\/\/tcms-ski.fr\/?page_id=409","title":{"rendered":"Documents"},"content":{"rendered":"\t\t<div data-elementor-type=\"wp-post\" data-elementor-id=\"409\" class=\"elementor elementor-409\">\n\t\t\t\t\t\t<section class=\"elementor-section elementor-top-section elementor-element elementor-element-5ce353a2 elementor-section-boxed elementor-section-height-default elementor-section-height-default\" data-id=\"5ce353a2\" data-element_type=\"section\">\n\t\t\t\t\t\t<div class=\"elementor-container elementor-column-gap-default\">\n\t\t\t\t\t<div class=\"elementor-column elementor-col-100 elementor-top-column elementor-element elementor-element-613d33a1\" data-id=\"613d33a1\" data-element_type=\"column\">\n\t\t\t<div class=\"elementor-widget-wrap elementor-element-populated\">\n\t\t\t\t\t\t<div class=\"elementor-element elementor-element-7a5e9256 elementor-widget elementor-widget-text-editor\" data-id=\"7a5e9256\" data-element_type=\"widget\" data-widget_type=\"text-editor.default\">\n\t\t\t\t<div class=\"elementor-widget-container\">\n\t\t\t\t\t\t\t\t\t<p><span style=\"color: #000000;\">&#8211;<\/span> <a href=\"https:\/\/tcms-ski.fr\/wp-content\/uploads\/2025\/08\/Fiche-adhesion-TCMS-Ski-Montagne-2025-2026.pdf\" target=\"_blank\" rel=\"noopener\"><span style=\"color: #ff9900;\"><span style=\"color: #ff6600;\">Fiche d\u2019adh\u00e9sion TCMS Ski &amp; Montagne 2025-2026<\/span><\/span><\/a><\/p><p><span style=\"color: #000000;\">&#8211; <\/span><a href=\"https:\/\/tcms-ski.fr\/wp-content\/uploads\/2025\/12\/Modalites-reservation-refuge_2025-2026.pdf\" target=\"_blank\" rel=\"noopener\"><span style=\"color: #ff6600;\">Fiche des modalit\u00e9s de r\u00e9servation et d&rsquo;occupation <\/span><span style=\"color: #ff6600;\">du<\/span><span style=\"color: #ff6600;\"> refuge de Port\u00e9 2025-2026<\/span><\/a><\/p><p><span style=\"color: #000000;\">&#8211;<\/span> <a href=\"https:\/\/tcms-ski.fr\/wp-content\/uploads\/2023\/10\/Demande-reservation-refuge-2023-2024.pdf\" target=\"_blank\" rel=\"noopener\"><span style=\"color: #ff9900;\"><span style=\"color: #ff6600;\">Fiche de demande de r\u00e9servation du refuge de Port\u00e9<\/span><\/span><\/a><\/p><p><a href=\"https:\/\/tcms-ski.fr\/wp-content\/uploads\/2025\/06\/Occupation-consignes-refuge-HIVER_complet-2025.pdf\" target=\"_blank\" rel=\"noopener\"><span style=\"color: #000000;\">&#8211;<\/span> <span style=\"color: #ff6600;\">Fiche d&rsquo;occupation et consignes HIVER<\/span><span style=\"color: #ff6600;\">\u00a0<\/span><span style=\"color: #ff6600;\">du refuge de Port\u00e9<\/span><\/a><\/p><p><span style=\"color: #000000;\">&#8211;<\/span> <a href=\"https:\/\/tcms-ski.fr\/wp-content\/uploads\/2025\/08\/Flyer-sejour-ski-alpin-Montgenevre-mars-2026.pdf\" target=\"_blank\" rel=\"noopener\"><span style=\"color: #ff6600;\">Flyer s\u00e9jour ski alpin Montgen\u00e8vre mars 2026<\/span><\/a><\/p><p><span style=\"color: #000000;\">&#8211;<\/span> <a href=\"https:\/\/tcms-ski.fr\/wp-content\/uploads\/2025\/08\/Fiche-inscription-sejour-ski-alpin-Montgenevre-mars-2026.pdf\" target=\"_blank\" rel=\"noopener\"><span style=\"color: #ff6600;\">Fiche inscription s\u00e9jour ski alpin Montgen\u00e8vre mars 2026<\/span><\/a><\/p><p><span style=\"color: #000000;\">&#8211; <a href=\"https:\/\/tcms-ski.fr\/wp-content\/uploads\/2024\/11\/FFME-2024-2025_Notice-assurance.pdf\" target=\"_blank\" rel=\"noopener\"><span style=\"color: #ff6600;\">Notice d\u2019informations assurance FFME 2024-2025<\/span><\/a><\/span><\/p><p><span style=\"color: #000000;\">&#8211; <a href=\"https:\/\/tcms-ski.fr\/wp-content\/uploads\/2024\/11\/FFME-2024-2025_Bulletin-n\u00b01-adhesion.pdf\" target=\"_blank\" rel=\"noopener\"><span style=\"color: #ff6600;\">Bulletin n\u00b01 d&rsquo;adh\u00e9sion FFME 2024-2025<\/span><\/a><\/span><\/p><p><span style=\"color: #000000;\">&#8211; <a href=\"https:\/\/tcms-ski.fr\/wp-content\/uploads\/2024\/11\/Certificat-medical-type-FFME-2024-2025.pdf\" target=\"_blank\" rel=\"noopener\"><span style=\"color: #ff6600;\">Certificat m\u00e9dical \u00ab\u00a0type\u00a0\u00bb FFME 2024-2025<\/span><\/a><\/span><\/p><p>&#8211; <span style=\"color: #ff6600;\"><a style=\"color: #ff6600;\" href=\"https:\/\/tcms-ski.fr\/wp-content\/uploads\/2024\/11\/Questionnaire-Sante-Adulte-FFME-2024-2025.pdf\" target=\"_blank\" rel=\"noopener\">Questionnaire sant\u00e9 FFME 2024-2025<\/a><\/span><\/p>\t\t\t\t\t\t\t\t<\/div>\n\t\t\t\t<\/div>\n\t\t\t\t\t<\/div>\n\t\t<\/div>\n\t\t\t\t\t<\/div>\n\t\t<\/section>\n\t\t\t\t<\/div>\n\t\t","protected":false},"excerpt":{"rendered":"<p>&#8211; Fiche d\u2019adh\u00e9sion TCMS Ski &amp; Montagne 2025-2026 &#8211; Fiche des modalit\u00e9s de r\u00e9servation et d&rsquo;occupation du refuge de Port\u00e9 2025-2026 &#8211; Fiche de demande de r\u00e9servation du refuge de Port\u00e9 &#8211; Fiche d&rsquo;occupation et consignes HIVER\u00a0du refuge de Port\u00e9 &#8211; Flyer s\u00e9jour ski alpin Montgen\u00e8vre mars 2026 &#8211; Fiche inscription s\u00e9jour ski alpin Montgen\u00e8vre&#8230;<\/p>\n","protected":false},"author":3,"featured_media":0,"parent":0,"menu_order":0,"comment_status":"closed","ping_status":"closed","template":"","meta":{"footnotes":""},"class_list":["post-409","page","type-page","status-publish","hentry"],"_links":{"self":[{"href":"https:\/\/tcms-ski.fr\/index.php?rest_route=\/wp\/v2\/pages\/409","targetHints":{"allow":["GET"]}}],"collection":[{"href":"https:\/\/tcms-ski.fr\/index.php?rest_route=\/wp\/v2\/pages"}],"about":[{"href":"https:\/\/tcms-ski.fr\/index.php?rest_route=\/wp\/v2\/types\/page"}],"author":[{"embeddable":true,"href":"https:\/\/tcms-ski.fr\/index.php?rest_route=\/wp\/v2\/users\/3"}],"replies":[{"embeddable":true,"href":"https:\/\/tcms-ski.fr\/index.php?rest_route=%2Fwp%2Fv2%2Fcomments&post=409"}],"version-history":[{"count":641,"href":"https:\/\/tcms-ski.fr\/index.php?rest_route=\/wp\/v2\/pages\/409\/revisions"}],"predecessor-version":[{"id":9169,"href":"https:\/\/tcms-ski.fr\/index.php?rest_route=\/wp\/v2\/pages\/409\/revisions\/9169"}],"wp:attachment":[{"href":"https:\/\/tcms-ski.fr\/index.php?rest_route=%2Fwp%2Fv2%2Fmedia&parent=409"}],"curies":[{"name":"wp","href":"https:\/\/api.w.org\/{rel}","templated":true}]}}