{"id":4118,"date":"2021-09-26T16:51:19","date_gmt":"2021-09-26T14:51:19","guid":{"rendered":"https:\/\/tcms-ski.fr\/?page_id=4118"},"modified":"2022-08-16T18:37:26","modified_gmt":"2022-08-16T16:37:26","slug":"comptes-rendus-saison-2021-2022","status":"publish","type":"page","link":"https:\/\/tcms-ski.fr\/?page_id=4118","title":{"rendered":"Comptes rendus saison 2021-2022"},"content":{"rendered":"\t\t<div data-elementor-type=\"wp-page\" data-elementor-id=\"4118\" class=\"elementor elementor-4118\">\n\t\t\t\t\t\t<section class=\"elementor-section elementor-top-section elementor-element elementor-element-3a9559b elementor-section-boxed elementor-section-height-default elementor-section-height-default\" data-id=\"3a9559b\" data-element_type=\"section\">\n\t\t\t\t\t\t<div class=\"elementor-container elementor-column-gap-default\">\n\t\t\t\t\t<div class=\"elementor-column elementor-col-100 elementor-top-column elementor-element elementor-element-d3a9863\" data-id=\"d3a9863\" data-element_type=\"column\">\n\t\t\t<div class=\"elementor-widget-wrap elementor-element-populated\">\n\t\t\t\t\t\t<div class=\"elementor-element elementor-element-aecc7a8 elementor-widget elementor-widget-text-editor\" data-id=\"aecc7a8\" data-element_type=\"widget\" data-widget_type=\"text-editor.default\">\n\t\t\t\t<div class=\"elementor-widget-container\">\n\t\t\t\t\t\t\t\t\t<p><span style=\"color: #ff6600;\"><a style=\"color: #ff6600;\" href=\"https:\/\/tcms-ski.fr\/?p=4521\">&#8211; S\u00e9jour Ski de randonn\u00e9e \u00e0 Molines (Queyras) du 8 au 14 janvier 2022\u00a0<\/a><\/span><\/p><p><span style=\"color: #ff6600;\"><a style=\"color: #ff6600;\" href=\"https:\/\/tcms-ski.fr\/?p=4663\">&#8211; S\u00e9jour Ski alpin \u00e0 Baqueira (Espagne) du 23 au 28 janvier 2022\u00a0<\/a><\/span><\/p><p><span style=\"color: #000000;\">&#8211; <span style=\"color: #ff6600;\"><a style=\"color: #ff6600;\" href=\"https:\/\/tcms-ski.fr\/?p=5189\">Sortie Ski de randonn\u00e9e des 5 et 6 f\u00e9vrier 2022<\/a><\/span><\/span><\/p><p><a href=\"https:\/\/tcms-ski.fr\/?p=4851\"><span style=\"color: #ff6600;\">&#8211; S\u00e9jour Ski alpin \u00e0 St Fran\u00e7ois\u2013Longchamp (Maurienne) du 12 au 19 mars 2022<\/span><\/a><\/p><p><span style=\"color: #ff6600;\"><a style=\"color: #ff6600;\" href=\"https:\/\/tcms-ski.fr\/?p=4912\">&#8211; S\u00e9jour Ski de randonn\u00e9e \u00e0 Bessans (Haute-Maurienne) du 3 au 6 avril 2022<\/a><\/span><\/p>\t\t\t\t\t\t\t\t<\/div>\n\t\t\t\t<\/div>\n\t\t\t\t\t<\/div>\n\t\t<\/div>\n\t\t\t\t\t<\/div>\n\t\t<\/section>\n\t\t\t\t<\/div>\n\t\t","protected":false},"excerpt":{"rendered":"<p>&#8211; S\u00e9jour Ski de randonn\u00e9e \u00e0 Molines (Queyras) du 8 au 14 janvier 2022\u00a0 &#8211; S\u00e9jour Ski alpin \u00e0 Baqueira (Espagne) du 23 au 28 janvier 2022\u00a0 &#8211; Sortie Ski de randonn\u00e9e des 5 et 6 f\u00e9vrier 2022 &#8211; S\u00e9jour Ski alpin \u00e0 St Fran\u00e7ois\u2013Longchamp (Maurienne) du 12 au 19 mars 2022 &#8211; S\u00e9jour Ski&#8230;<\/p>\n","protected":false},"author":3,"featured_media":0,"parent":0,"menu_order":0,"comment_status":"closed","ping_status":"closed","template":"","meta":{"footnotes":""},"class_list":["post-4118","page","type-page","status-publish","hentry"],"_links":{"self":[{"href":"https:\/\/tcms-ski.fr\/index.php?rest_route=\/wp\/v2\/pages\/4118","targetHints":{"allow":["GET"]}}],"collection":[{"href":"https:\/\/tcms-ski.fr\/index.php?rest_route=\/wp\/v2\/pages"}],"about":[{"href":"https:\/\/tcms-ski.fr\/index.php?rest_route=\/wp\/v2\/types\/page"}],"author":[{"embeddable":true,"href":"https:\/\/tcms-ski.fr\/index.php?rest_route=\/wp\/v2\/users\/3"}],"replies":[{"embeddable":true,"href":"https:\/\/tcms-ski.fr\/index.php?rest_route=%2Fwp%2Fv2%2Fcomments&post=4118"}],"version-history":[{"count":61,"href":"https:\/\/tcms-ski.fr\/index.php?rest_route=\/wp\/v2\/pages\/4118\/revisions"}],"predecessor-version":[{"id":5249,"href":"https:\/\/tcms-ski.fr\/index.php?rest_route=\/wp\/v2\/pages\/4118\/revisions\/5249"}],"wp:attachment":[{"href":"https:\/\/tcms-ski.fr\/index.php?rest_route=%2Fwp%2Fv2%2Fmedia&parent=4118"}],"curies":[{"name":"wp","href":"https:\/\/api.w.org\/{rel}","templated":true}]}}