{"id":4273,"date":"2021-10-10T18:46:00","date_gmt":"2021-10-10T16:46:00","guid":{"rendered":"https:\/\/tcms-ski.fr\/?page_id=4273"},"modified":"2025-09-11T10:04:12","modified_gmt":"2025-09-11T08:04:12","slug":"occupation-et-reservation-du-refuge","status":"publish","type":"page","link":"https:\/\/tcms-ski.fr\/?page_id=4273","title":{"rendered":"Occupation et r\u00e9servation du refuge"},"content":{"rendered":"\t\t<div data-elementor-type=\"wp-page\" data-elementor-id=\"4273\" class=\"elementor elementor-4273\">\n\t\t\t\t\t\t<section class=\"elementor-section elementor-top-section elementor-element elementor-element-959e80b elementor-section-boxed elementor-section-height-default elementor-section-height-default\" data-id=\"959e80b\" data-element_type=\"section\">\n\t\t\t\t\t\t<div class=\"elementor-container elementor-column-gap-default\">\n\t\t\t\t\t<div class=\"elementor-column elementor-col-100 elementor-top-column elementor-element elementor-element-61af846\" data-id=\"61af846\" data-element_type=\"column\">\n\t\t\t<div class=\"elementor-widget-wrap elementor-element-populated\">\n\t\t\t\t\t\t<div class=\"elementor-element elementor-element-3075e0e elementor-widget elementor-widget-text-editor\" data-id=\"3075e0e\" data-element_type=\"widget\" data-widget_type=\"text-editor.default\">\n\t\t\t\t<div class=\"elementor-widget-container\">\n\t\t\t\t\t\t\t\t\t<h4><span style=\"color: #000000;\"><strong>Occupation du refuge sur 2025 et 2026, cliquez <span style=\"color: #ff6600;\"><a style=\"color: #ff6600;\" href=\"https:\/\/tcms-ski.fr\/?page_id=4828\">ICI<\/a><\/span><\/strong><\/span><\/h4><p><span style=\"color: #000000;\"><strong>\u2013 Pour les modalit\u00e9s de r\u00e9servation du refuge, voir \u00e0 la fiche <span style=\"color: #ff6600;\"><a style=\"color: #ff6600;\" href=\"https:\/\/tcms-ski.fr\/wp-content\/uploads\/2024\/11\/Modalites-reservation-refuge_2024-2025.pdf\" target=\"_blank\" rel=\"noopener\">\u00ab Modalit\u00e9s de r\u00e9servation et d\u2019occupation \u00bb<\/a><span style=\"color: #000000;\">.<\/span> <\/span><\/strong><\/span><\/p><p class=\"has-text-color has-vivid-red-color\"><strong><span style=\"color: #ff0000;\">\u2013 Les r\u00e9servations se font via la fiche<\/span> <span style=\"color: #ff6600;\">\u00ab\u00a0<a style=\"color: #ff6600;\" href=\"https:\/\/tcms-ski.fr\/wp-content\/uploads\/2023\/10\/Demande-reservation-refuge-2023-2024.pdf\" target=\"_blank\" rel=\"noopener\">Demande de r\u00e9servation<\/a>\u00a0\u00bb<\/span> <span style=\"color: #ff0000;\">\u00e0 saisir et \u00e0 envoyer par mail \u00e0 l\u2019adresse suivante :<\/span> <\/strong><a href=\"mailto:refugetcms@outlook.fr\"><span style=\"color: #000080;\">refugetcms@outlook.fr<\/span><\/a><\/p><p><span style=\"color: #000000;\"><strong>\u2013 Le nombre de place est limit\u00e9 \u00e0 18.<br \/><\/strong><\/span><br \/><span style=\"color: #000000;\"><strong><span style=\"color: #ff0000;\">\u2013 La fiche \u00ab Demande de r\u00e9servation \u00bb doit \u00eatre remplie correctement sinon la r\u00e9servation ne sera pas prise en compte.<\/span> <\/strong><\/span><\/p><p><strong><span style=\"color: #000000;\">\u2013 La fiche d\u2019occupation et des consignes du refuge en fonction de la p\u00e9riode (HIVER ou \u00c9T\u00c9) est t\u00e9l\u00e9chargeable \u00e0 la rubrique<\/span> <a href=\"http:\/\/tcms-ski.fr\/?page_id=409\" rel=\"noreferrer noopener\"><span style=\"color: #ff6600;\">\u00ab\u00a0DOCUMENTS\u00a0\u00bb<\/span><\/a><span style=\"color: #000000;\">.<\/span><\/strong><\/p>\t\t\t\t\t\t\t\t<\/div>\n\t\t\t\t<\/div>\n\t\t\t\t\t<\/div>\n\t\t<\/div>\n\t\t\t\t\t<\/div>\n\t\t<\/section>\n\t\t\t\t<\/div>\n\t\t","protected":false},"excerpt":{"rendered":"<p>Occupation du refuge sur 2025 et 2026, cliquez ICI \u2013 Pour les modalit\u00e9s de r\u00e9servation du refuge, voir \u00e0 la fiche \u00ab Modalit\u00e9s de r\u00e9servation et d\u2019occupation \u00bb. \u2013 Les r\u00e9servations se font via la fiche \u00ab\u00a0Demande de r\u00e9servation\u00a0\u00bb \u00e0 saisir et \u00e0 envoyer par mail \u00e0 l\u2019adresse suivante : refugetcms@outlook.fr \u2013 Le nombre de&#8230;<\/p>\n","protected":false},"author":3,"featured_media":0,"parent":0,"menu_order":0,"comment_status":"closed","ping_status":"closed","template":"","meta":{"footnotes":""},"class_list":["post-4273","page","type-page","status-publish","hentry"],"_links":{"self":[{"href":"https:\/\/tcms-ski.fr\/index.php?rest_route=\/wp\/v2\/pages\/4273","targetHints":{"allow":["GET"]}}],"collection":[{"href":"https:\/\/tcms-ski.fr\/index.php?rest_route=\/wp\/v2\/pages"}],"about":[{"href":"https:\/\/tcms-ski.fr\/index.php?rest_route=\/wp\/v2\/types\/page"}],"author":[{"embeddable":true,"href":"https:\/\/tcms-ski.fr\/index.php?rest_route=\/wp\/v2\/users\/3"}],"replies":[{"embeddable":true,"href":"https:\/\/tcms-ski.fr\/index.php?rest_route=%2Fwp%2Fv2%2Fcomments&post=4273"}],"version-history":[{"count":106,"href":"https:\/\/tcms-ski.fr\/index.php?rest_route=\/wp\/v2\/pages\/4273\/revisions"}],"predecessor-version":[{"id":8580,"href":"https:\/\/tcms-ski.fr\/index.php?rest_route=\/wp\/v2\/pages\/4273\/revisions\/8580"}],"wp:attachment":[{"href":"https:\/\/tcms-ski.fr\/index.php?rest_route=%2Fwp%2Fv2%2Fmedia&parent=4273"}],"curies":[{"name":"wp","href":"https:\/\/api.w.org\/{rel}","templated":true}]}}