{"id":43,"date":"2015-08-06T14:15:24","date_gmt":"2015-08-06T12:15:24","guid":{"rendered":"https:\/\/tcmsski.wordpress.com\/?page_id=43"},"modified":"2025-12-22T10:28:03","modified_gmt":"2025-12-22T08:28:03","slug":"travaux-de-renovation","status":"publish","type":"page","link":"https:\/\/tcms-ski.fr\/?page_id=43","title":{"rendered":"Travaux de r\u00e9novation"},"content":{"rendered":"\t\t<div data-elementor-type=\"wp-page\" data-elementor-id=\"43\" class=\"elementor elementor-43\">\n\t\t\t\t\t\t<section class=\"elementor-section elementor-top-section elementor-element elementor-element-29ebcd8a elementor-section-boxed elementor-section-height-default elementor-section-height-default\" data-id=\"29ebcd8a\" data-element_type=\"section\">\n\t\t\t\t\t\t<div class=\"elementor-container elementor-column-gap-default\">\n\t\t\t\t\t<div class=\"elementor-column elementor-col-100 elementor-top-column elementor-element elementor-element-600ef8fd\" data-id=\"600ef8fd\" data-element_type=\"column\">\n\t\t\t<div class=\"elementor-widget-wrap elementor-element-populated\">\n\t\t\t\t\t\t<div class=\"elementor-element elementor-element-5ea0c100 elementor-widget elementor-widget-text-editor\" data-id=\"5ea0c100\" data-element_type=\"widget\" data-widget_type=\"text-editor.default\">\n\t\t\t\t<div class=\"elementor-widget-container\">\n\t\t\t\t\t\t\t\t\t<p style=\"text-align: justify;\"><a href=\"http:\/\/tcms-ski.fr\/wp-content\/uploads\/2015\/08\/dsc03351.jpg\"><img fetchpriority=\"high\" decoding=\"async\" class=\"size-medium wp-image-129 alignleft\" src=\"http:\/\/tcms-ski.fr\/wp-content\/uploads\/2015\/08\/dsc03351.jpg?w=300\" alt=\"DSC03351\" width=\"300\" height=\"225\" \/><\/a><span style=\"color: #000000;\">Le chantier de r\u00e9novation faisait peur \u00e0 beaucoup de monde mais il \u00e9tait indispensable pour sauvegarder ce b\u00e2timent et respecter le travail des b\u00e2tisseurs du d\u00e9but de ann\u00e9es 50. Les b\u00e9n\u00e9voles du club ont relev\u00e9 ce d\u00e9fi, ils peuvent \u00eatre fiers de leur labeur.<\/span><\/p><p style=\"text-align: justify;\"><span style=\"color: #000000;\">Commenc\u00e9s en mai 2012, ces travaux se sont termin\u00e9s en ce d\u00e9but juin 2015, seule une r\u00e9fection de l&rsquo;abri bois, des am\u00e9nagement ext\u00e9rieurs et la confection de casiers suppl\u00e9mentaires sont envisag\u00e9s pour le printemps 2016.<\/span><\/p><div style=\"text-align: justify;\"><h1 style=\"text-align: justify;\"><span style=\"color: #000000;\"><strong>Le d\u00e9roulement du chantier\u00a0:<\/strong><\/span><\/h1><h2 style=\"text-align: justify;\"><span style=\"color: #000000;\">2012<\/span><\/h2><p style=\"text-align: justify;\"><a href=\"http:\/\/tcms-ski.fr\/wp-content\/uploads\/2015\/08\/chauffage.jpg\"><img decoding=\"async\" class=\"size-medium wp-image-132 alignright\" src=\"http:\/\/tcms-ski.fr\/wp-content\/uploads\/2015\/08\/chauffage.jpg?w=300\" alt=\"chauffage\" width=\"300\" height=\"225\" \/><\/a><span style=\"color: #000000;\">La r\u00e9novation a commenc\u00e9 par les gros travaux du printemps et de l&rsquo;\u00e9t\u00e9 2012\u00a0:<\/span><\/p><ul style=\"text-align: justify;\"><li><span style=\"color: #000000;\">alimentation en eau courante et raccordement au r\u00e9seau d&rsquo;assainissement<\/span><\/li><li><span style=\"color: #000000;\">r\u00e9novation compl\u00e8te de la salle principale\u00a0: isolation, bardage, nouvelle mezzanine pouvant accueillir 9 couchages avec literie neuve, cuisine moderne avec plan de cuisson 5 feux, \u00e9vier avec eau chaude, nouveau po\u00eale \u00e0 bois (fini les odeurs de mazout\u00a0!)<\/span><\/li><li><span style=\"color: #000000;\">construction d&rsquo;un bloc sanitaires chauff\u00e9\u00a0: 2 WC, 2 douches et lavabos<\/span><\/li><li><span style=\"color: #000000;\">ouverture d&rsquo;une porte de secours dans la pi\u00e8ce annexe<\/span><\/li><\/ul><p style=\"text-align: justify;\"><span style=\"color: #000000;\">Le 11 novembre 2012, le refuge est remis \u00e0 la disposition des adh\u00e9rents.<\/span><\/p><h2 style=\"text-align: justify;\"><span style=\"color: #000000;\">2013<\/span><\/h2><p style=\"text-align: justify;\"><a href=\"http:\/\/tcms-ski.fr\/wp-content\/uploads\/2015\/08\/carrleage.jpg\"><img decoding=\"async\" class=\"size-medium wp-image-130 alignright\" src=\"http:\/\/tcms-ski.fr\/wp-content\/uploads\/2015\/08\/carrleage.jpg?w=300\" alt=\"carrleage\" width=\"300\" height=\"225\" \/><\/a><span style=\"color: #000000;\">Durant l&rsquo;\u00e9t\u00e9 2013, seulement des travaux d&rsquo;am\u00e9lioration de certains dysfonctionnements et du confort ont \u00e9t\u00e9 programm\u00e9s\u00a0:<\/span><\/p><ul style=\"text-align: justify;\"><li><span style=\"color: #000000;\">mise en place d&rsquo;un suppresseur<\/span><\/li><li><span style=\"color: #000000;\">isolement du suppresseur et du chauffe eau et mise hors gel<\/span><\/li><li><span style=\"color: #000000;\">quelques peintures<\/span><\/li><li><span style=\"color: #000000;\">plafond du hall<\/span><\/li><li><span style=\"color: #000000;\">confection de casiers<\/span><\/li><li><span style=\"color: #000000;\">carrelage du hall d&rsquo;entr\u00e9e<\/span><\/li><li><span style=\"color: #000000;\">dalle de l&rsquo;entr\u00e9e ext\u00e9rieure<\/span><\/li><\/ul><h2 style=\"text-align: justify;\"><span style=\"color: #000000;\">2014<\/span><\/h2><figure id=\"attachment_131\" aria-describedby=\"caption-attachment-131\" style=\"width: 225px\" class=\"wp-caption alignright\"><a href=\"http:\/\/tcms-ski.fr\/wp-content\/uploads\/2015\/08\/cloisons.jpg\"><img loading=\"lazy\" decoding=\"async\" class=\"size-medium wp-image-131\" src=\"http:\/\/tcms-ski.fr\/wp-content\/uploads\/2015\/08\/cloisons.jpg?w=225\" alt=\"Travailleurs, contre ma\u00eetre et chomeur\" width=\"225\" height=\"300\" \/><\/a><figcaption id=\"caption-attachment-131\" class=\"wp-caption-text\"><span style=\"color: #000000;\">Travailleurs, contre ma\u00eetre et ch\u00f4meur<\/span><\/figcaption><\/figure><p style=\"text-align: justify;\"><span style=\"color: #000000;\">\u00c9t\u00e9 2014, c&rsquo;est le dortoir annexe qui est au programme avec une enti\u00e8re r\u00e9novation.<\/span><\/p><p style=\"text-align: justify;\"><span style=\"color: #000000;\">Une premi\u00e8re phase en mai avec isolation, plafond et bardage ont d\u00e9j\u00e0 donn\u00e9 un tout nouvel aspect.<\/span><\/p><p style=\"text-align: justify;\"><span style=\"color: #000000;\">Une deuxi\u00e8me phase en septembre pour la pose de 2 lits doubles, permet alors d&rsquo;offrir, 10 confortables couchages.<\/span><\/p><p style=\"text-align: justify;\"><span style=\"color: #000000;\">Mais le gros chantier de ce mois de septembre a \u00e9t\u00e9 la r\u00e9fection totale de la toiture\u00a0: d\u00e9montage et \u00e9vacuation de la vieille couverture, r\u00e9fection de la charpente, isolation et pose de panneaux sandwichs. Mais aussi pose de bardage bac acier sur toute la fa\u00e7ade arri\u00e8re.<\/span><\/p><p style=\"text-align: justify;\"><span style=\"color: #000000;\">L&rsquo;aspect g\u00e9n\u00e9ral du refuge a d\u00e9j\u00e0 consid\u00e9rablement \u00e9volu\u00e9.<\/span><\/p><h2 style=\"text-align: justify;\"><span style=\"color: #000000;\">2015<\/span><\/h2><p style=\"text-align: justify;\"><a href=\"http:\/\/tcms-ski.fr\/wp-content\/uploads\/2015\/08\/dsc01182.jpg\"><img loading=\"lazy\" decoding=\"async\" class=\"size-medium wp-image-133 alignright\" src=\"http:\/\/tcms-ski.fr\/wp-content\/uploads\/2015\/08\/dsc01182.jpg?w=300\" alt=\"DSC01182\" width=\"300\" height=\"225\" \/><\/a><span style=\"color: #000000;\">Juin 2015. Fini les lits en ferraille, de nouveaux lits en bois avec literie neuve sont maintenant en place. (3 lits en haut et 4 en bas).<\/span><\/p><p style=\"text-align: justify;\"><span style=\"color: #000000;\">Mais le gros chantier a \u00e9t\u00e9 la r\u00e9fection totale du bardage ext\u00e9rieur\u00a0:<\/span><\/p><ul style=\"text-align: justify;\"><li><span style=\"color: #000000;\">pose d&rsquo;un pare vapeur<\/span><\/li><li><span style=\"color: #000000;\">pose de liteaux<\/span><\/li><li><span style=\"color: #000000;\">repositionnement des volets et rebords des fen\u00eatres<\/span><\/li><li><span style=\"color: #000000;\">pose du bardage bois sur les fa\u00e7ades Est et Sud<\/span><\/li><\/ul><p style=\"text-align: justify;\"><span style=\"color: #000000;\">En trois jours ce chantier a \u00e9t\u00e9 boucl\u00e9 et l&rsquo;aspect ext\u00e9rieur du refuge est maintenant tout simplement splendide et fait l&rsquo;admiration du village.<\/span><\/p><p style=\"text-align: justify;\"><a href=\"http:\/\/tcms-ski.fr\/wp-content\/uploads\/2015\/08\/chalet2.jpg\"><img loading=\"lazy\" decoding=\"async\" class=\"size-medium wp-image-69 aligncenter\" src=\"http:\/\/tcms-ski.fr\/wp-content\/uploads\/2015\/08\/chalet2.jpg?w=300\" alt=\"chalet2\" width=\"300\" height=\"225\" srcset=\"https:\/\/tcms-ski.fr\/wp-content\/uploads\/2015\/08\/chalet2.jpg 1037w, https:\/\/tcms-ski.fr\/wp-content\/uploads\/2015\/08\/chalet2-300x225.jpg 300w, https:\/\/tcms-ski.fr\/wp-content\/uploads\/2015\/08\/chalet2-1024x768.jpg 1024w\" sizes=\"(max-width: 300px) 100vw, 300px\" \/><\/a><\/p><\/div>\t\t\t\t\t\t\t\t<\/div>\n\t\t\t\t<\/div>\n\t\t\t\t\t<\/div>\n\t\t<\/div>\n\t\t\t\t\t<\/div>\n\t\t<\/section>\n\t\t\t\t<\/div>\n\t\t","protected":false},"excerpt":{"rendered":"<p>Le chantier de r\u00e9novation faisait peur \u00e0 beaucoup de monde mais il \u00e9tait indispensable pour sauvegarder ce b\u00e2timent et respecter le travail des b\u00e2tisseurs du d\u00e9but de ann\u00e9es 50. Les b\u00e9n\u00e9voles du club ont relev\u00e9 ce d\u00e9fi, ils peuvent \u00eatre fiers de leur labeur. Commenc\u00e9s en mai 2012, ces travaux se sont termin\u00e9s en ce&#8230;<\/p>\n","protected":false},"author":2,"featured_media":0,"parent":0,"menu_order":0,"comment_status":"closed","ping_status":"closed","template":"","meta":{"footnotes":""},"class_list":["post-43","page","type-page","status-publish","hentry"],"_links":{"self":[{"href":"https:\/\/tcms-ski.fr\/index.php?rest_route=\/wp\/v2\/pages\/43","targetHints":{"allow":["GET"]}}],"collection":[{"href":"https:\/\/tcms-ski.fr\/index.php?rest_route=\/wp\/v2\/pages"}],"about":[{"href":"https:\/\/tcms-ski.fr\/index.php?rest_route=\/wp\/v2\/types\/page"}],"author":[{"embeddable":true,"href":"https:\/\/tcms-ski.fr\/index.php?rest_route=\/wp\/v2\/users\/2"}],"replies":[{"embeddable":true,"href":"https:\/\/tcms-ski.fr\/index.php?rest_route=%2Fwp%2Fv2%2Fcomments&post=43"}],"version-history":[{"count":9,"href":"https:\/\/tcms-ski.fr\/index.php?rest_route=\/wp\/v2\/pages\/43\/revisions"}],"predecessor-version":[{"id":9154,"href":"https:\/\/tcms-ski.fr\/index.php?rest_route=\/wp\/v2\/pages\/43\/revisions\/9154"}],"wp:attachment":[{"href":"https:\/\/tcms-ski.fr\/index.php?rest_route=%2Fwp%2Fv2%2Fmedia&parent=43"}],"curies":[{"name":"wp","href":"https:\/\/api.w.org\/{rel}","templated":true}]}}