{"id":7133,"date":"2023-10-28T12:37:08","date_gmt":"2023-10-28T10:37:08","guid":{"rendered":"https:\/\/tcms-ski.fr\/?page_id=7133"},"modified":"2025-04-27T17:53:55","modified_gmt":"2025-04-27T15:53:55","slug":"comptes-rendus-saison-2023-2024","status":"publish","type":"page","link":"https:\/\/tcms-ski.fr\/?page_id=7133","title":{"rendered":"Comptes rendus saison 2023-2024"},"content":{"rendered":"\t\t<div data-elementor-type=\"wp-page\" data-elementor-id=\"7133\" class=\"elementor elementor-7133\">\n\t\t\t\t\t\t<section class=\"elementor-section elementor-top-section elementor-element elementor-element-0266be2 elementor-section-boxed elementor-section-height-default elementor-section-height-default\" data-id=\"0266be2\" data-element_type=\"section\">\n\t\t\t\t\t\t<div class=\"elementor-container elementor-column-gap-default\">\n\t\t\t\t\t<div class=\"elementor-column elementor-col-100 elementor-top-column elementor-element elementor-element-835b88f\" data-id=\"835b88f\" data-element_type=\"column\">\n\t\t\t<div class=\"elementor-widget-wrap elementor-element-populated\">\n\t\t\t\t\t\t<div class=\"elementor-element elementor-element-1f5d651 elementor-widget elementor-widget-text-editor\" data-id=\"1f5d651\" data-element_type=\"widget\" data-widget_type=\"text-editor.default\">\n\t\t\t\t<div class=\"elementor-widget-container\">\n\t\t\t\t\t\t\t\t\t<p><span style=\"color: #ff9900;\">&#8211; <a style=\"color: #ff9900;\" href=\"https:\/\/tcms-ski.fr\/wp-content\/uploads\/2024\/01\/CR-Week-end-ANENA-decembre-2023.pdf\" target=\"_blank\" rel=\"noopener\">Formation neige et avalanche (Port\u00e9 Puymorens) les 10 et 11 d\u00e9cembre 2023<\/a><\/span><\/p><p><span style=\"color: #ff9900;\"><a style=\"color: #ff9900;\" href=\"https:\/\/tcms-ski.fr\/?p=7397\">&#8211; S\u00e9jour Ski alpin \u00e0 Montgen\u00e8vre (Hautes Alpes) du 9 au 16 mars 2024<\/a><\/span><\/p><p><a href=\"https:\/\/tcms-ski.fr\/?p=8110\"><span style=\"color: #ff9900;\">&#8211; S\u00e9jour Ski de randonn\u00e9e en Gressoney (Mont Rose versant italien) du 6 au 10 avril 2024<\/span><\/a><\/p>\t\t\t\t\t\t\t\t<\/div>\n\t\t\t\t<\/div>\n\t\t\t\t\t<\/div>\n\t\t<\/div>\n\t\t\t\t\t<\/div>\n\t\t<\/section>\n\t\t\t\t<\/div>\n\t\t","protected":false},"excerpt":{"rendered":"<p>&#8211; Formation neige et avalanche (Port\u00e9 Puymorens) les 10 et 11 d\u00e9cembre 2023 &#8211; S\u00e9jour Ski alpin \u00e0 Montgen\u00e8vre (Hautes Alpes) du 9 au 16 mars 2024 &#8211; S\u00e9jour Ski de randonn\u00e9e en Gressoney (Mont Rose versant italien) du 6 au 10 avril 2024<\/p>\n","protected":false},"author":3,"featured_media":0,"parent":0,"menu_order":0,"comment_status":"closed","ping_status":"closed","template":"","meta":{"footnotes":""},"class_list":["post-7133","page","type-page","status-publish","hentry"],"_links":{"self":[{"href":"https:\/\/tcms-ski.fr\/index.php?rest_route=\/wp\/v2\/pages\/7133","targetHints":{"allow":["GET"]}}],"collection":[{"href":"https:\/\/tcms-ski.fr\/index.php?rest_route=\/wp\/v2\/pages"}],"about":[{"href":"https:\/\/tcms-ski.fr\/index.php?rest_route=\/wp\/v2\/types\/page"}],"author":[{"embeddable":true,"href":"https:\/\/tcms-ski.fr\/index.php?rest_route=\/wp\/v2\/users\/3"}],"replies":[{"embeddable":true,"href":"https:\/\/tcms-ski.fr\/index.php?rest_route=%2Fwp%2Fv2%2Fcomments&post=7133"}],"version-history":[{"count":31,"href":"https:\/\/tcms-ski.fr\/index.php?rest_route=\/wp\/v2\/pages\/7133\/revisions"}],"predecessor-version":[{"id":8156,"href":"https:\/\/tcms-ski.fr\/index.php?rest_route=\/wp\/v2\/pages\/7133\/revisions\/8156"}],"wp:attachment":[{"href":"https:\/\/tcms-ski.fr\/index.php?rest_route=%2Fwp%2Fv2%2Fmedia&parent=7133"}],"curies":[{"name":"wp","href":"https:\/\/api.w.org\/{rel}","templated":true}]}}