{"id":8070,"date":"2025-04-26T20:04:35","date_gmt":"2025-04-26T18:04:35","guid":{"rendered":"https:\/\/tcms-ski.fr\/?page_id=8070"},"modified":"2025-12-17T01:13:54","modified_gmt":"2025-12-16T23:13:54","slug":"comptes-rendus-saison-2024-2025","status":"publish","type":"page","link":"https:\/\/tcms-ski.fr\/?page_id=8070","title":{"rendered":"Comptes rendus saison 2024-2025"},"content":{"rendered":"\t\t<div data-elementor-type=\"wp-page\" data-elementor-id=\"8070\" class=\"elementor elementor-8070\">\n\t\t\t\t\t\t<section class=\"elementor-section elementor-top-section elementor-element elementor-element-b885a00 elementor-section-boxed elementor-section-height-default elementor-section-height-default\" data-id=\"b885a00\" data-element_type=\"section\">\n\t\t\t\t\t\t<div class=\"elementor-container elementor-column-gap-default\">\n\t\t\t\t\t<div class=\"elementor-column elementor-col-100 elementor-top-column elementor-element elementor-element-553b3d8\" data-id=\"553b3d8\" data-element_type=\"column\">\n\t\t\t<div class=\"elementor-widget-wrap elementor-element-populated\">\n\t\t\t\t\t\t<div class=\"elementor-element elementor-element-8b02b76 elementor-widget elementor-widget-text-editor\" data-id=\"8b02b76\" data-element_type=\"widget\" data-widget_type=\"text-editor.default\">\n\t\t\t\t<div class=\"elementor-widget-container\">\n\t\t\t\t\t\t\t\t\t<p><span style=\"color: #ff6600;\"><a style=\"color: #ff6600;\" href=\"https:\/\/tcms-ski.fr\/?p=8022\">\u2013 S\u00e9jour Ski alpin \u00e0 Ch\u00e2tel (Hautes Savoie) du 15 au 22 mars 2025<\/a><\/span><\/p><p><span style=\"color: #ff6600;\"><a style=\"color: #ff6600;\" href=\"https:\/\/tcms-ski.fr\/?p=8206\">\u2013 S\u00e9jour Ski de randonn\u00e9e dans le massif de l&rsquo;Ortl\u00e8s (Alpes italiennes) du 5 au 11 avril 2025<\/a><\/span><\/p><p><span style=\"color: #ff6600;\"><a style=\"color: #ff6600;\" href=\"https:\/\/tcms-ski.fr\/?p=8857\">&#8211; Sortie Ski de randonn\u00e9e au Mont-Blanc du 17 au 19 mai 2025<\/a><\/span><\/p>\t\t\t\t\t\t\t\t<\/div>\n\t\t\t\t<\/div>\n\t\t\t\t\t<\/div>\n\t\t<\/div>\n\t\t\t\t\t<\/div>\n\t\t<\/section>\n\t\t\t\t<\/div>\n\t\t","protected":false},"excerpt":{"rendered":"<p>\u2013 S\u00e9jour Ski alpin \u00e0 Ch\u00e2tel (Hautes Savoie) du 15 au 22 mars 2025 \u2013 S\u00e9jour Ski de randonn\u00e9e dans le massif de l&rsquo;Ortl\u00e8s (Alpes italiennes) du 5 au 11 avril 2025 &#8211; Sortie Ski de randonn\u00e9e au Mont-Blanc du 17 au 19 mai 2025<\/p>\n","protected":false},"author":3,"featured_media":0,"parent":0,"menu_order":0,"comment_status":"closed","ping_status":"closed","template":"","meta":{"footnotes":""},"class_list":["post-8070","page","type-page","status-publish","hentry"],"_links":{"self":[{"href":"https:\/\/tcms-ski.fr\/index.php?rest_route=\/wp\/v2\/pages\/8070","targetHints":{"allow":["GET"]}}],"collection":[{"href":"https:\/\/tcms-ski.fr\/index.php?rest_route=\/wp\/v2\/pages"}],"about":[{"href":"https:\/\/tcms-ski.fr\/index.php?rest_route=\/wp\/v2\/types\/page"}],"author":[{"embeddable":true,"href":"https:\/\/tcms-ski.fr\/index.php?rest_route=\/wp\/v2\/users\/3"}],"replies":[{"embeddable":true,"href":"https:\/\/tcms-ski.fr\/index.php?rest_route=%2Fwp%2Fv2%2Fcomments&post=8070"}],"version-history":[{"count":22,"href":"https:\/\/tcms-ski.fr\/index.php?rest_route=\/wp\/v2\/pages\/8070\/revisions"}],"predecessor-version":[{"id":8940,"href":"https:\/\/tcms-ski.fr\/index.php?rest_route=\/wp\/v2\/pages\/8070\/revisions\/8940"}],"wp:attachment":[{"href":"https:\/\/tcms-ski.fr\/index.php?rest_route=%2Fwp%2Fv2%2Fmedia&parent=8070"}],"curies":[{"name":"wp","href":"https:\/\/api.w.org\/{rel}","templated":true}]}}