{"id":883,"date":"2016-09-01T00:29:50","date_gmt":"2016-08-31T22:29:50","guid":{"rendered":"http:\/\/tcms-ski.fr\/wordpress\/?page_id=883"},"modified":"2018-06-14T13:29:57","modified_gmt":"2018-06-14T11:29:57","slug":"saison-2016-2017","status":"publish","type":"page","link":"https:\/\/tcms-ski.fr\/?page_id=883","title":{"rendered":"Comptes rendus saison 2016-2017"},"content":{"rendered":"<p>&#8211; <a href=\"http:\/\/tcms-ski.fr\/?p=860\">S\u00e9jour Multi-activit\u00e9s \u00e0 Port\u00e9 Puymorens du 28 juillet au 6 ao\u00fbt 2017<\/a><\/p>\n<p>&#8211; <a href=\"http:\/\/tcms-ski.fr\/?p=864\">Semaine Canyon en Sierra de Guara du 12 au 15 juin 2017<\/a><\/p>\n<p>&#8211; <a href=\"http:\/\/tcms-ski.fr\/?p=871\">Sorties Canyon en Sierra de Guara avec la CAS de Tarbes du 9 au 11 juin 2017<\/a><\/p>\n<p>&#8211; <a href=\"http:\/\/tcms-ski.fr\/?p=930\">Raid Ski de randonn\u00e9e en Italie (Val d\u2019Ayas et Grand Paradis) du 18 au 24 avril 2017<\/a><\/p>\n<p>&#8211; <a href=\"http:\/\/tcms-ski.fr\/?p=935\">S\u00e9jour Ski alpin \u00e0 Saint Gervais du 11 au 18 mars 2017<\/a><\/p>\n<p>&#8211; <a href=\"http:\/\/tcms-ski.fr\/?p=944\">Sorties Ski de randonn\u00e9e des 4 et 5 mars 2017<\/a><\/p>\n<p>&#8211; <a href=\"http:\/\/tcms-ski.fr\/?p=947\">Sorties Ski de randonn\u00e9e des 4 et 5 f\u00e9vrier 2017<\/a><\/p>\n<p>&#8211; <a href=\"http:\/\/tcms-ski.fr\/?p=950\">S\u00e9jour Ski de randonn\u00e9e et alpin \u00e0 Molines (Queyras) du 14 au 21 janvier 2017<\/a><\/p>\n<p>&#8211; <a href=\"http:\/\/tcms-ski.fr\/?p=956\">Sorties Ski de randonn\u00e9e des 7 et 8 janvier 2017<\/a><\/p>\n<p>&#8211; <a href=\"http:\/\/tcms-ski.fr\/?p=959\">S\u00e9jour Ski alpin aux Arcs du 10 au 16 d\u00e9cembre 2016<\/a><\/p>\n","protected":false},"excerpt":{"rendered":"<p>&#8211; S\u00e9jour Multi-activit\u00e9s \u00e0 Port\u00e9 Puymorens du 28 juillet au 6 ao\u00fbt 2017 &#8211; Semaine Canyon en Sierra de Guara du 12 au 15 juin 2017 &#8211; Sorties Canyon en Sierra de Guara avec la CAS de Tarbes du 9 au 11 juin 2017 &#8211; Raid Ski de randonn\u00e9e en Italie (Val d\u2019Ayas et Grand&#8230;<\/p>\n","protected":false},"author":3,"featured_media":0,"parent":0,"menu_order":0,"comment_status":"closed","ping_status":"closed","template":"","meta":{"footnotes":""},"class_list":["post-883","page","type-page","status-publish","hentry"],"_links":{"self":[{"href":"https:\/\/tcms-ski.fr\/index.php?rest_route=\/wp\/v2\/pages\/883","targetHints":{"allow":["GET"]}}],"collection":[{"href":"https:\/\/tcms-ski.fr\/index.php?rest_route=\/wp\/v2\/pages"}],"about":[{"href":"https:\/\/tcms-ski.fr\/index.php?rest_route=\/wp\/v2\/types\/page"}],"author":[{"embeddable":true,"href":"https:\/\/tcms-ski.fr\/index.php?rest_route=\/wp\/v2\/users\/3"}],"replies":[{"embeddable":true,"href":"https:\/\/tcms-ski.fr\/index.php?rest_route=%2Fwp%2Fv2%2Fcomments&post=883"}],"version-history":[{"count":23,"href":"https:\/\/tcms-ski.fr\/index.php?rest_route=\/wp\/v2\/pages\/883\/revisions"}],"predecessor-version":[{"id":2357,"href":"https:\/\/tcms-ski.fr\/index.php?rest_route=\/wp\/v2\/pages\/883\/revisions\/2357"}],"wp:attachment":[{"href":"https:\/\/tcms-ski.fr\/index.php?rest_route=%2Fwp%2Fv2%2Fmedia&parent=883"}],"curies":[{"name":"wp","href":"https:\/\/api.w.org\/{rel}","templated":true}]}}