{"id":908,"date":"2017-09-01T18:18:17","date_gmt":"2017-09-01T16:18:17","guid":{"rendered":"http:\/\/tcms-ski.fr\/wordpress\/?page_id=908"},"modified":"2019-01-20T00:14:20","modified_gmt":"2019-01-19T22:14:20","slug":"saison-2017-2018","status":"publish","type":"page","link":"https:\/\/tcms-ski.fr\/?page_id=908","title":{"rendered":"Comptes rendus saison 2017-2018"},"content":{"rendered":"<p><span style=\"color: #ff6600;\">&#8211; <a style=\"color: #ff6600;\" href=\"http:\/\/tcms-ski.fr\/?p=1542\">Raid Ski de randonn\u00e9e en Suisse (Oberland et Mont Rose) du 21 au 27 avril 2018 <\/a><\/span><\/p>\n<p><span style=\"color: #ff6600;\">&#8211; <a style=\"color: #ff6600;\" href=\"http:\/\/tcms-ski.fr\/?p=1511\">Sorties Ski de randonn\u00e9e des 1er\u00a0et 2 avril 2018 <\/a><\/span><\/p>\n<p><span style=\"color: #ff6600;\">&#8211; <a style=\"color: #ff6600;\" href=\"http:\/\/tcms-ski.fr\/?p=1468\">S\u00e9jour Ski alpin et de randonn\u00e9e \u00e0 Argenti\u00e8re du 10 au 17 mars 2018 <\/a><\/span><\/p>\n<p><span style=\"color: #ff6600;\">&#8211; <a style=\"color: #ff6600;\" href=\"http:\/\/tcms-ski.fr\/?p=1435\">Sortie Ski de randonn\u00e9e du 18 f\u00e9vrier 2018 <\/a><\/span><\/p>\n<p><span style=\"color: #ff6600;\">&#8211; <a style=\"color: #ff6600;\" href=\"http:\/\/tcms-ski.fr\/?p=1429\">Raid Ski de randonn\u00e9e sur l\u2019\u00eele d\u2019Hokka\u00efdo (Japon) du 29 janvier au 8 f\u00e9vrier 2018 <\/a><\/span><\/p>\n<p><span style=\"color: #ff6600;\">&#8211; <a style=\"color: #ff6600;\" href=\"http:\/\/tcms-ski.fr\/?p=1372\">S\u00e9jour Ski alpin et de randonn\u00e9e \u00e0 Vallnord (Andorre) du 14 au 19 janvier 2018 <\/a><\/span><\/p>\n<p><span style=\"color: #ff6600;\">&#8211; <a style=\"color: #ff6600;\" href=\"http:\/\/tcms-ski.fr\/?p=1358\">Sortie Ski de randonn\u00e9e du 13 janvier 2018<\/a><\/span><\/p>\n<p><span style=\"color: #ff6600;\">&#8211; <a style=\"color: #ff6600;\" href=\"http:\/\/tcms-ski.fr\/?p=855\">Sorties Calanques Marseille-Cassis du 8 au 11 septembre 2017<\/a><\/span><\/p>\n","protected":false},"excerpt":{"rendered":"<p>&#8211; Raid Ski de randonn\u00e9e en Suisse (Oberland et Mont Rose) du 21 au 27 avril 2018 &#8211; Sorties Ski de randonn\u00e9e des 1er\u00a0et 2 avril 2018 &#8211; S\u00e9jour Ski alpin et de randonn\u00e9e \u00e0 Argenti\u00e8re du 10 au 17 mars 2018 &#8211; Sortie Ski de randonn\u00e9e du 18 f\u00e9vrier 2018 &#8211; Raid Ski de&#8230;<\/p>\n","protected":false},"author":3,"featured_media":0,"parent":0,"menu_order":0,"comment_status":"closed","ping_status":"closed","template":"","meta":{"footnotes":""},"class_list":["post-908","page","type-page","status-publish","hentry"],"_links":{"self":[{"href":"https:\/\/tcms-ski.fr\/index.php?rest_route=\/wp\/v2\/pages\/908","targetHints":{"allow":["GET"]}}],"collection":[{"href":"https:\/\/tcms-ski.fr\/index.php?rest_route=\/wp\/v2\/pages"}],"about":[{"href":"https:\/\/tcms-ski.fr\/index.php?rest_route=\/wp\/v2\/types\/page"}],"author":[{"embeddable":true,"href":"https:\/\/tcms-ski.fr\/index.php?rest_route=\/wp\/v2\/users\/3"}],"replies":[{"embeddable":true,"href":"https:\/\/tcms-ski.fr\/index.php?rest_route=%2Fwp%2Fv2%2Fcomments&post=908"}],"version-history":[{"count":35,"href":"https:\/\/tcms-ski.fr\/index.php?rest_route=\/wp\/v2\/pages\/908\/revisions"}],"predecessor-version":[{"id":2584,"href":"https:\/\/tcms-ski.fr\/index.php?rest_route=\/wp\/v2\/pages\/908\/revisions\/2584"}],"wp:attachment":[{"href":"https:\/\/tcms-ski.fr\/index.php?rest_route=%2Fwp%2Fv2%2Fmedia&parent=908"}],"curies":[{"name":"wp","href":"https:\/\/api.w.org\/{rel}","templated":true}]}}