{"id":984,"date":"2015-09-01T23:37:29","date_gmt":"2015-09-01T21:37:29","guid":{"rendered":"http:\/\/tcms-ski.fr\/wordpress\/?page_id=984"},"modified":"2018-06-14T13:34:52","modified_gmt":"2018-06-14T11:34:52","slug":"saison-2015-2016","status":"publish","type":"page","link":"https:\/\/tcms-ski.fr\/?page_id=984","title":{"rendered":"Comptes rendus saison 2015-2016"},"content":{"rendered":"<p>&#8211; <a href=\"http:\/\/tcms-ski.fr\/?p=998\">S\u00e9jour Multi-activit\u00e9s \u00e0 Port\u00e9 Puymorens du 23 au 31 juillet 2016<\/a><\/p>\n<p>&#8211; <a href=\"http:\/\/tcms-ski.fr\/?p=1003\">Raid Ski de randonn\u00e9e en Vanoise (Secteur refuge de La Femma) du 16 au 21 avril 2016<\/a><\/p>\n<p>&#8211; <a href=\"http:\/\/tcms-ski.fr\/?p=1007\">Sortie Ski de randonn\u00e9e du 6 avril 2016<\/a><\/p>\n<p>&#8211; <a href=\"http:\/\/tcms-ski.fr\/?p=1010\">Sortie Ski de randonn\u00e9e du 3 avril 2016<\/a><\/p>\n<p>&#8211; <a href=\"http:\/\/tcms-ski.fr\/?p=1013\">Sorties Ski de randonn\u00e9e des 26 et 27 mars 2016<\/a><\/p>\n<p>&#8211; <a href=\"http:\/\/tcms-ski.fr\/?p=1016\">S\u00e9jour Ski alpin \u00e0 La Clusaz du 12 au 19 mars 2016<\/a><\/p>\n<p>&#8211; <a href=\"http:\/\/tcms-ski.fr\/?p=1019\">Raid Ski de randonn\u00e9e en Norv\u00e8ge (Alpes de Lyngen) du 5 au 12 mars 2016<\/a><\/p>\n<p>&#8211; <a href=\"http:\/\/tcms-ski.fr\/?p=1022\">Sorties Ski de randonn\u00e9e des 13 et 14 f\u00e9vrier 2016<\/a><\/p>\n<p>&#8211; <a href=\"http:\/\/tcms-ski.fr\/?p=1025\">Sorties Ski de randonn\u00e9e des 23 et 24 janvier 2016<\/a><\/p>\n<p>&#8211; <a href=\"http:\/\/tcms-ski.fr\/?p=1028\">S\u00e9jour Ski alpin \u00e0 Argenti\u00e8re du 9 au 16 janvier 2016<\/a><\/p>\n","protected":false},"excerpt":{"rendered":"<p>&#8211; S\u00e9jour Multi-activit\u00e9s \u00e0 Port\u00e9 Puymorens du 23 au 31 juillet 2016 &#8211; Raid Ski de randonn\u00e9e en Vanoise (Secteur refuge de La Femma) du 16 au 21 avril 2016 &#8211; Sortie Ski de randonn\u00e9e du 6 avril 2016 &#8211; Sortie Ski de randonn\u00e9e du 3 avril 2016 &#8211; Sorties Ski de randonn\u00e9e des 26&#8230;<\/p>\n","protected":false},"author":3,"featured_media":0,"parent":0,"menu_order":0,"comment_status":"closed","ping_status":"closed","template":"","meta":{"footnotes":""},"class_list":["post-984","page","type-page","status-publish","hentry"],"_links":{"self":[{"href":"https:\/\/tcms-ski.fr\/index.php?rest_route=\/wp\/v2\/pages\/984","targetHints":{"allow":["GET"]}}],"collection":[{"href":"https:\/\/tcms-ski.fr\/index.php?rest_route=\/wp\/v2\/pages"}],"about":[{"href":"https:\/\/tcms-ski.fr\/index.php?rest_route=\/wp\/v2\/types\/page"}],"author":[{"embeddable":true,"href":"https:\/\/tcms-ski.fr\/index.php?rest_route=\/wp\/v2\/users\/3"}],"replies":[{"embeddable":true,"href":"https:\/\/tcms-ski.fr\/index.php?rest_route=%2Fwp%2Fv2%2Fcomments&post=984"}],"version-history":[{"count":22,"href":"https:\/\/tcms-ski.fr\/index.php?rest_route=\/wp\/v2\/pages\/984\/revisions"}],"predecessor-version":[{"id":2358,"href":"https:\/\/tcms-ski.fr\/index.php?rest_route=\/wp\/v2\/pages\/984\/revisions\/2358"}],"wp:attachment":[{"href":"https:\/\/tcms-ski.fr\/index.php?rest_route=%2Fwp%2Fv2%2Fmedia&parent=984"}],"curies":[{"name":"wp","href":"https:\/\/api.w.org\/{rel}","templated":true}]}}